{"id":130804,"date":"2023-09-14T15:39:44","date_gmt":"2023-09-14T15:39:44","guid":{"rendered":"https:\/\/bertrand-galindo.cl\/2023\/?page_id=130804"},"modified":"2023-09-14T15:39:44","modified_gmt":"2023-09-14T15:39:44","slug":"esg","status":"publish","type":"page","link":"https:\/\/www.bertrand-galindo.cl\/2023\/esg\/","title":{"rendered":"ESG"},"content":{"rendered":"<div class=\"wpb-content-wrapper\"><p>[vc_row row_height_percent=\u00bb50&#8243; override_padding=\u00bbyes\u00bb h_padding=\u00bb2&#8243; top_padding=\u00bb5&#8243; bottom_padding=\u00bb5&#8243; back_color=\u00bbaccent\u00bb back_image=\u00bb130637&#8243; overlay_color=\u00bbcolor-482803&#8243; overlay_alpha=\u00bb0&#8243; gutter_size=\u00bb3&#8243; column_width_percent=\u00bb100&#8243; shift_y=\u00bb0&#8243; z_index=\u00bb0&#8243; top_divider=\u00bbgradient\u00bb bottom_divider=\u00bbgradient\u00bb uncode_shortcode_id=\u00bb155777&#8243; back_color_type=\u00bbuncode-palette\u00bb overlay_color_type=\u00bbuncode-palette\u00bb][vc_column column_width_percent=\u00bb100&#8243; position_vertical=\u00bbmiddle\u00bb align_horizontal=\u00bbalign_center\u00bb gutter_size=\u00bb3&#8243; style=\u00bbdark\u00bb overlay_alpha=\u00bb50&#8243; shift_x=\u00bb0&#8243; shift_y=\u00bb0&#8243; shift_y_down=\u00bb0&#8243; z_index=\u00bb0&#8243; medium_width=\u00bb0&#8243; mobile_width=\u00bb0&#8243; css_animation=\u00bbalpha-anim\u00bb animation_speed=\u00bb1000&#8243; width=\u00bb1\/1&#8243; uncode_shortcode_id=\u00bb325957&#8243;][vc_row_inner row_inner_height_percent=\u00bb0&#8243; overlay_alpha=\u00bb100&#8243; gutter_size=\u00bb4&#8243; shift_y=\u00bb0&#8243; z_index=\u00bb0&#8243; limit_content=\u00bb\u00bb uncode_shortcode_id=\u00bb100103&#8243;][vc_column_inner column_width_percent=\u00bb100&#8243; gutter_size=\u00bb2&#8243; style=\u00bbdark\u00bb overlay_alpha=\u00bb50&#8243; shift_x=\u00bb0&#8243; shift_y=\u00bb0&#8243; shift_y_down=\u00bb0&#8243; z_index=\u00bb0&#8243; medium_width=\u00bb4&#8243; mobile_visibility=\u00bbyes\u00bb mobile_width=\u00bb0&#8243; width=\u00bb1\/2&#8243;][vc_custom_heading text_font=\u00bbfont-594008&#8243; text_size=\u00bbfontsize-157437&#8243; text_weight=\u00bb400&#8243; text_space=\u00bbfontspace-210350&#8243; uncode_shortcode_id=\u00bb503715&#8243;]AREAS OF PRACTICE[\/vc_custom_heading][\/vc_column_inner][vc_column_inner column_width_percent=\u00bb100&#8243; gutter_size=\u00bb4&#8243; style=\u00bbdark\u00bb overlay_alpha=\u00bb50&#8243; shift_x=\u00bb0&#8243; shift_y=\u00bb0&#8243; shift_y_down=\u00bb0&#8243; z_index=\u00bb0&#8243; medium_width=\u00bb4&#8243; mobile_width=\u00bb0&#8243; width=\u00bb1\/2&#8243;][vc_custom_heading heading_semantic=\u00bbh1&#8243; text_size=\u00bbfontsize-155944&#8243; text_weight=\u00bb400&#8243; text_height=\u00bbfontheight-179065&#8243; css_animation=\u00bbcurtain-words\u00bb animation_speed=\u00bb1000&#8243; animation_delay=\u00bb200&#8243; uncode_shortcode_id=\u00bb100365&#8243;]ESG[\/vc_custom_heading][vc_empty_space empty_h=\u00bb2&#8243; desktop_visibility=\u00bbyes\u00bb medium_visibility=\u00bbyes\u00bb][\/vc_column_inner][\/vc_row_inner][\/vc_column][\/vc_row][vc_row row_height_percent=\u00bb0&#8243; override_padding=\u00bbyes\u00bb h_padding=\u00bb2&#8243; top_padding=\u00bb4&#8243; bottom_padding=\u00bb4&#8243; overlay_alpha=\u00bb50&#8243; gutter_size=\u00bb3&#8243; column_width_percent=\u00bb100&#8243; shift_y=\u00bb0&#8243; z_index=\u00bb0&#8243; bottom_divider=\u00bbstep_3_4&#8243; uncode_shortcode_id=\u00bb127470&#8243;][vc_column column_width_percent=\u00bb100&#8243; gutter_size=\u00bb4&#8243; overlay_alpha=\u00bb50&#8243; shift_x=\u00bb0&#8243; shift_y=\u00bb0&#8243; shift_y_down=\u00bb0&#8243; z_index=\u00bb0&#8243; medium_width=\u00bb0&#8243; mobile_width=\u00bb0&#8243; css_animation=\u00bbalpha-anim\u00bb animation_speed=\u00bb1000&#8243; width=\u00bb1\/1&#8243; uncode_shortcode_id=\u00bb205630&#8243;][vc_column_text text_lead=\u00bbyes\u00bb uncode_shortcode_id=\u00bb211585&#8243;]En BERTRAND GALINDO BARRUETO BARROILHET CIA hemos sido pioneros en la creaci\u00f3n de un equipo altamente especializado, que conjuga una amplia trayectoria y experiencia en las \u00e1reas de derecho ambiental, relacionamiento comunitario, derechos humanos, derecho ind\u00edgena, compliance corporativo, derecho administrativo y derecho internacional, para poder asesorar a nuestros clientes en el cumplimiento de la creciente regulaci\u00f3n de ESG, as\u00ed como a hacer frente a los riesgos legales y oportunidades de creaci\u00f3n de valor que emanan de las exigencias comerciales, financieras y legales en torno a la reportabilidad y debida diligencia de los factores ambientales, sociales y de gobernanza propios de la empresa<\/p>\n<p>Los conocimientos y experiencia de nuestro equipo en la de asesor\u00eda empresas nacionales e internacionales, as\u00ed como instituciones p\u00fablicas y privadas, asociaciones y fundaciones, nos permiten brindar un servicio integral y dise\u00f1ado espec\u00edficamente para las necesidades de cada cliente, implementando estrategias realistas, eficientes y seg\u00fan niveles de urgencia e impacto de medidas ESG.[\/vc_column_text][\/vc_column][\/vc_row][vc_row row_height_percent=\u00bb0&#8243; override_padding=\u00bbyes\u00bb h_padding=\u00bb2&#8243; top_padding=\u00bb4&#8243; bottom_padding=\u00bb4&#8243; back_image=\u00bb130762&#8243; overlay_alpha=\u00bb50&#8243; gutter_size=\u00bb3&#8243; column_width_percent=\u00bb100&#8243; shift_y=\u00bb0&#8243; z_index=\u00bb0&#8243; bottom_divider=\u00bbstep_3_4&#8243; uncode_shortcode_id=\u00bb992211&#8243; shape_dividers=\u00bb\u00bb el_id=\u00bbpuntos\u00bb][vc_column column_width_percent=\u00bb100&#8243; gutter_size=\u00bb4&#8243; overlay_alpha=\u00bb50&#8243; shift_x=\u00bb0&#8243; shift_y=\u00bb0&#8243; shift_y_down=\u00bb0&#8243; z_index=\u00bb0&#8243; medium_width=\u00bb0&#8243; mobile_width=\u00bb0&#8243; css_animation=\u00bbalpha-anim\u00bb animation_speed=\u00bb1000&#8243; width=\u00bb1\/2&#8243; uncode_shortcode_id=\u00bb205630&#8243;][vc_icon position=\u00bbleft\u00bb icon=\u00bbfa fa-arrow-right-thick\u00bb icon_color=\u00bbcolor-xsdn\u00bb heading_semantic=\u00bbp\u00bb text_size=\u00bbfontsize-157437&#8243; uncode_shortcode_id=\u00bb638840&#8243; icon_color_type=\u00bbuncode-palette\u00bb]Asesor\u00eda en el cumplimiento de obligaciones de entrega de informaci\u00f3n (IFRS,ESRS, SEC, y Memoria Anual seg\u00fan Norma de Car\u00e1cter General N\u00b0 461\/2021 Comisi\u00f3n para el Mercado Financiero, entre otros.).[\/vc_icon][vc_icon position=\u00bbleft\u00bb icon=\u00bbfa fa-arrow-right-thick\u00bb icon_color=\u00bbcolor-xsdn\u00bb heading_semantic=\u00bbp\u00bb text_size=\u00bbfontsize-157437&#8243; uncode_shortcode_id=\u00bb701307&#8243; icon_color_type=\u00bbuncode-palette\u00bb]Asesor\u00eda en la comprensi\u00f3n, priorizaci\u00f3n y cumplimiento de la normativa de ESG aplicable (normativa nacional y extranjera a trav\u00e9s de requerimientos de la cadena de suministros).[\/vc_icon][vc_icon position=\u00bbleft\u00bb icon=\u00bbfa fa-arrow-right-thick\u00bb icon_color=\u00bbcolor-xsdn\u00bb heading_semantic=\u00bbp\u00bb text_size=\u00bbfontsize-157437&#8243; uncode_shortcode_id=\u00bb102323&#8243; icon_color_type=\u00bbuncode-palette\u00bb]Preparaci\u00f3n de reportes de sustentabilidad y cumplimiento de est\u00e1ndares para clientes, incluyendo ICMM, GRI, Dow Jones Sustainability Index e IRMA, entre otros.[\/vc_icon][vc_icon position=\u00bbleft\u00bb icon=\u00bbfa fa-arrow-right-thick\u00bb icon_color=\u00bbcolor-xsdn\u00bb heading_semantic=\u00bbp\u00bb text_size=\u00bbfontsize-157437&#8243; uncode_shortcode_id=\u00bb101940&#8243; icon_color_type=\u00bbuncode-palette\u00bb]Identificaci\u00f3n y gesti\u00f3n de riesgos legales en materias ESG (Responsabilidades legales del directorio y Gerencias, multas y sanciones, da\u00f1os reputacionales y greenwashing).[\/vc_icon][vc_icon position=\u00bbleft\u00bb icon=\u00bbfa fa-arrow-right-thick\u00bb icon_color=\u00bbcolor-xsdn\u00bb heading_semantic=\u00bbp\u00bb text_size=\u00bbfontsize-157437&#8243; uncode_shortcode_id=\u00bb969889&#8243; icon_color_type=\u00bbuncode-palette\u00bb]Implementaci\u00f3n de procesos de debida diligencia en ESG.[\/vc_icon][\/vc_column][vc_column width=\u00bb1\/2&#8243;][vc_icon position=\u00bbleft\u00bb icon=\u00bbfa fa-arrow-right-thick\u00bb icon_color=\u00bbcolor-xsdn\u00bb heading_semantic=\u00bbp\u00bb text_size=\u00bbfontsize-157437&#8243; uncode_shortcode_id=\u00bb205221&#8243; icon_color_type=\u00bbuncode-palette\u00bb]Alineamiento de cartera de productos y portafolios financieros con criterios verdes y ESG en base a est\u00e1ndares IFRS e ISO.[\/vc_icon][vc_icon position=\u00bbleft\u00bb icon=\u00bbfa fa-arrow-right-thick\u00bb icon_color=\u00bbcolor-xsdn\u00bb heading_semantic=\u00bbp\u00bb text_size=\u00bbfontsize-157437&#8243; uncode_shortcode_id=\u00bb124759&#8243; icon_color_type=\u00bbuncode-palette\u00bb]Conducci\u00f3n de evaluaciones de riego en derechos humanos, cambio clim\u00e1tico, compromisos ODS, normativa anticorrupci\u00f3n, etc.[\/vc_icon][vc_icon position=\u00bbleft\u00bb icon=\u00bbfa fa-arrow-right-thick\u00bb icon_color=\u00bbcolor-xsdn\u00bb heading_semantic=\u00bbp\u00bb text_size=\u00bbfontsize-157437&#8243; uncode_shortcode_id=\u00bb112571&#8243; icon_color_type=\u00bbuncode-palette\u00bb]Generaci\u00f3n de matrices de riesgo ESG (seg\u00fan est\u00e1ndares IDDH, GRI, OCDE, etc.).[\/vc_icon][vc_icon position=\u00bbleft\u00bb icon=\u00bbfa fa-arrow-right-thick\u00bb icon_color=\u00bbcolor-xsdn\u00bb heading_semantic=\u00bbp\u00bb text_size=\u00bbfontsize-157437&#8243; uncode_shortcode_id=\u00bb157905&#8243; icon_color_type=\u00bbuncode-palette\u00bb]Elaboraci\u00f3n de mecanismos de trazabilidad de compromisos y generaci\u00f3n de estrategias de reporte.[\/vc_icon][vc_icon position=\u00bbleft\u00bb icon=\u00bbfa fa-arrow-right-thick\u00bb icon_color=\u00bbcolor-xsdn\u00bb heading_semantic=\u00bbp\u00bb text_size=\u00bbfontsize-157437&#8243; uncode_shortcode_id=\u00bb331480&#8243; icon_color_type=\u00bbuncode-palette\u00bb]Asesor\u00eda en la comprensi\u00f3n, priorizaci\u00f3n y cumplimiento de la normativa de ESG aplicable (normativa nacional y extranjera a trav\u00e9s de requerimientos de la cadena de suministros).[\/vc_icon][\/vc_column][\/vc_row][vc_row row_height_percent=\u00bb0&#8243; override_padding=\u00bbyes\u00bb h_padding=\u00bb2&#8243; top_padding=\u00bb4&#8243; bottom_padding=\u00bb4&#8243; overlay_alpha=\u00bb50&#8243; gutter_size=\u00bb3&#8243; column_width_percent=\u00bb100&#8243; shift_y=\u00bb0&#8243; z_index=\u00bb0&#8243; bottom_divider=\u00bbstep_3_4&#8243; uncode_shortcode_id=\u00bb195984&#8243; el_id=\u00bbareas-practica\u00bb][vc_column column_width_percent=\u00bb100&#8243; align_horizontal=\u00bbalign_center\u00bb gutter_size=\u00bb4&#8243; overlay_alpha=\u00bb50&#8243; shift_x=\u00bb0&#8243; shift_y=\u00bb0&#8243; shift_y_down=\u00bb0&#8243; z_index=\u00bb0&#8243; medium_width=\u00bb0&#8243; mobile_width=\u00bb0&#8243; css_animation=\u00bbalpha-anim\u00bb animation_speed=\u00bb1000&#8243; width=\u00bb1\/1&#8243; uncode_shortcode_id=\u00bb142485&#8243;][vc_row_inner limit_content=\u00bb\u00bb][vc_column_inner width=\u00bb1\/1&#8243;][vc_custom_heading heading_semantic=\u00bbh6&#8243; text_font=\u00bbfont-594008&#8243; text_size=\u00bbfontsize-157437&#8243; text_weight=\u00bb400&#8243; text_transform=\u00bbuppercase\u00bb text_space=\u00bbfontspace-210350&#8243; uncode_shortcode_id=\u00bb186978&#8243; text_color_type=\u00bbuncode-solid\u00bb text_color_solid=\u00bb#878787&#8243;]CORPORATE, COMMERCIAL<br \/>\nAND M&amp;A LAW TEAM[\/vc_custom_heading][uncode_index el_id=\u00bbindex-131812&#8243; loop=\u00bbsize:3|order_by:date|post_type:page|taxonomy_count:10&#8243; screen_lg=\u00bb600&#8243; screen_md=\u00bb600&#8243; screen_sm=\u00bb480&#8243; gutter_size=\u00bb4&#8243; post_items=\u00bbtitle,spacer|half,text|excerpt|100&#8243; page_items=\u00bbtitle,email,telefono,link|link|default_size|scale_mobile|+ Leer CV\u00bb single_overlay_opacity=\u00bb50&#8243; single_padding=\u00bb2&#8243; single_title_family=\u00bbfont-151052&#8243; single_title_dimension=\u00bbh4&#8243; single_title_weight=\u00bb400&#8243; single_title_height=\u00bbfontheight-357766&#8243; single_text_lead=\u00bbsmall\u00bb uncode_shortcode_id=\u00bb173843&#8243;][\/vc_column_inner][\/vc_row_inner][\/vc_column][\/vc_row][vc_row row_height_percent=\u00bb0&#8243; override_padding=\u00bbyes\u00bb h_padding=\u00bb2&#8243; top_padding=\u00bb4&#8243; bottom_padding=\u00bb4&#8243; overlay_alpha=\u00bb50&#8243; gutter_size=\u00bb3&#8243; column_width_percent=\u00bb100&#8243; shift_y=\u00bb0&#8243; z_index=\u00bb0&#8243; bottom_divider=\u00bbstep_3_4&#8243; uncode_shortcode_id=\u00bb195984&#8243; el_id=\u00bbareas-practica\u00bb][vc_column column_width_percent=\u00bb100&#8243; align_horizontal=\u00bbalign_center\u00bb gutter_size=\u00bb4&#8243; overlay_alpha=\u00bb50&#8243; shift_x=\u00bb0&#8243; shift_y=\u00bb0&#8243; shift_y_down=\u00bb0&#8243; z_index=\u00bb0&#8243; medium_width=\u00bb0&#8243; mobile_width=\u00bb0&#8243; css_animation=\u00bbalpha-anim\u00bb animation_speed=\u00bb1000&#8243; width=\u00bb1\/1&#8243; uncode_shortcode_id=\u00bb142485&#8243;][vc_row_inner limit_content=\u00bb\u00bb][vc_column_inner width=\u00bb1\/1&#8243;][vc_custom_heading heading_semantic=\u00bbh6&#8243; text_font=\u00bbfont-594008&#8243; text_size=\u00bbfontsize-157437&#8243; text_weight=\u00bb400&#8243; text_transform=\u00bbuppercase\u00bb text_space=\u00bbfontspace-210350&#8243; uncode_shortcode_id=\u00bb160068&#8243; text_color_type=\u00bbuncode-solid\u00bb text_color_solid=\u00bb#878787&#8243;]\u00c1REAS DE PR\u00c1CTICA[\/vc_custom_heading][\/vc_column_inner][\/vc_row_inner][\/vc_column][\/vc_row][vc_row row_height_percent=\u00bb0&#8243; override_padding=\u00bbyes\u00bb h_padding=\u00bb2&#8243; top_padding=\u00bb3&#8243; bottom_padding=\u00bb3&#8243; overlay_alpha=\u00bb50&#8243; gutter_size=\u00bb3&#8243; column_width_percent=\u00bb100&#8243; shift_y=\u00bb0&#8243; z_index=\u00bb3&#8243; top_divider=\u00bbstep_2_3&#8243; bottom_divider=\u00bbstep_2_3&#8243; uncode_shortcode_id=\u00bb195396&#8243; back_color_type=\u00bbuncode-solid\u00bb back_color_solid=\u00bbrgba(218,218,218,0.2)\u00bb][vc_column column_width_percent=\u00bb100&#8243; gutter_size=\u00bb4&#8243; overlay_alpha=\u00bb50&#8243; shift_x=\u00bb0&#8243; shift_y=\u00bb0&#8243; shift_y_down=\u00bb0&#8243; z_index=\u00bb0&#8243; medium_width=\u00bb0&#8243; mobile_width=\u00bb0&#8243; css_animation=\u00bbalpha-anim\u00bb animation_speed=\u00bb1000&#8243; width=\u00bb1\/1&#8243; uncode_shortcode_id=\u00bb135082&#8243;][vc_row_inner limit_content=\u00bb\u00bb][vc_column_inner width=\u00bb1\/1&#8243;][vc_custom_heading heading_semantic=\u00bbh6&#8243; text_font=\u00bbfont-594008&#8243; text_size=\u00bbfontsize-157437&#8243; text_weight=\u00bb400&#8243; text_transform=\u00bbuppercase\u00bb text_space=\u00bbfontspace-210350&#8243; uncode_shortcode_id=\u00bb188759&#8243;]Blog[\/vc_custom_heading][\/vc_column_inner][\/vc_row_inner][vc_row_inner row_inner_height_percent=\u00bb0&#8243; overlay_alpha=\u00bb50&#8243; gutter_size=\u00bb4&#8243; shift_y=\u00bb0&#8243; z_index=\u00bb0&#8243; limit_content=\u00bb\u00bb][vc_column_inner column_width_percent=\u00bb100&#8243; gutter_size=\u00bb2&#8243; font_family=\u00bbfont-175345&#8243; overlay_alpha=\u00bb50&#8243; shift_x=\u00bb0&#8243; shift_y=\u00bb0&#8243; shift_y_down=\u00bb0&#8243; z_index=\u00bb0&#8243; medium_width=\u00bb0&#8243; mobile_width=\u00bb0&#8243; width=\u00bb1\/1&#8243;][vc_custom_heading text_color=\u00bbaccent\u00bb text_size=\u00bbfontsize-155944&#8243; text_weight=\u00bb400&#8243; uncode_shortcode_id=\u00bb105500&#8243; text_color_type=\u00bbuncode-palette\u00bb]Noticias y Publicaciones[\/vc_custom_heading][uncode_index el_id=\u00bbindex-131812&#8243; loop=\u00bbsize:3|order_by:date|post_type:post|taxonomy_count:10&#8243; screen_lg=\u00bb600&#8243; screen_md=\u00bb600&#8243; screen_sm=\u00bb480&#8243; gutter_size=\u00bb4&#8243; post_items=\u00bbtitle,spacer|half,text|excerpt|100&#8243; single_overlay_opacity=\u00bb50&#8243; single_padding=\u00bb2&#8243; single_title_family=\u00bbfont-151052&#8243; single_title_dimension=\u00bbh4&#8243; single_title_weight=\u00bb400&#8243; single_title_height=\u00bbfontheight-357766&#8243; single_text_lead=\u00bbsmall\u00bb uncode_shortcode_id=\u00bb171022&#8243;][\/vc_column_inner][\/vc_row_inner][\/vc_column][\/vc_row]<\/p>\n<\/div>","protected":false},"excerpt":{"rendered":"<p>[vc_row row_height_percent=\u00bb50&#8243; override_padding=\u00bbyes\u00bb h_padding=\u00bb2&#8243; top_padding=\u00bb5&#8243; bottom_padding=\u00bb5&#8243; back_color=\u00bbaccent\u00bb back_image=\u00bb130637&#8243; overlay_color=\u00bbcolor-482803&#8243; overlay_alpha=\u00bb0&#8243; gutter_size=\u00bb3&#8243; column_width_percent=\u00bb100&#8243; shift_y=\u00bb0&#8243; z_index=\u00bb0&#8243; top_divider=\u00bbgradient\u00bb bottom_divider=\u00bbgradient\u00bb uncode_shortcode_id=\u00bb155777&#8243; back_color_type=\u00bbuncode-palette\u00bb overlay_color_type=\u00bbuncode-palette\u00bb][vc_column column_width_percent=\u00bb100&#8243; [&hellip;]<\/p>\n","protected":false},"author":1,"featured_media":117692,"parent":0,"menu_order":0,"comment_status":"closed","ping_status":"closed","template":"","meta":{"footnotes":""},"class_list":["post-130804","page","type-page","status-publish","has-post-thumbnail","hentry"],"_links":{"self":[{"href":"https:\/\/www.bertrand-galindo.cl\/2023\/wp-json\/wp\/v2\/pages\/130804","targetHints":{"allow":["GET"]}}],"collection":[{"href":"https:\/\/www.bertrand-galindo.cl\/2023\/wp-json\/wp\/v2\/pages"}],"about":[{"href":"https:\/\/www.bertrand-galindo.cl\/2023\/wp-json\/wp\/v2\/types\/page"}],"author":[{"embeddable":true,"href":"https:\/\/www.bertrand-galindo.cl\/2023\/wp-json\/wp\/v2\/users\/1"}],"replies":[{"embeddable":true,"href":"https:\/\/www.bertrand-galindo.cl\/2023\/wp-json\/wp\/v2\/comments?post=130804"}],"version-history":[{"count":7,"href":"https:\/\/www.bertrand-galindo.cl\/2023\/wp-json\/wp\/v2\/pages\/130804\/revisions"}],"predecessor-version":[{"id":130811,"href":"https:\/\/www.bertrand-galindo.cl\/2023\/wp-json\/wp\/v2\/pages\/130804\/revisions\/130811"}],"wp:featuredmedia":[{"embeddable":true,"href":"https:\/\/www.bertrand-galindo.cl\/2023\/wp-json\/wp\/v2\/media\/117692"}],"wp:attachment":[{"href":"https:\/\/www.bertrand-galindo.cl\/2023\/wp-json\/wp\/v2\/media?parent=130804"}],"curies":[{"name":"wp","href":"https:\/\/api.w.org\/{rel}","templated":true}]}}