{"id":130970,"date":"2024-05-10T22:22:31","date_gmt":"2024-05-10T22:22:31","guid":{"rendered":"https:\/\/bertrand-galindo.cl\/2023\/?page_id=130970"},"modified":"2024-09-26T04:20:00","modified_gmt":"2024-09-26T04:20:00","slug":"ivan-bertrand-galindo-a","status":"publish","type":"page","link":"https:\/\/www.bertrand-galindo.cl\/2023\/ivan-bertrand-galindo-a\/","title":{"rendered":"Iva\u0301n Bertrand-Galindo A"},"content":{"rendered":"<div class=\"wpb-content-wrapper\"><p>[vc_row row_height_percent=\u00bb65&#8243; back_color=\u00bbcolor-prif\u00bb back_image=\u00bb130832&#8243; overlay_alpha=\u00bb0&#8243; gutter_size=\u00bb3&#8243; column_width_percent=\u00bb100&#8243; shift_y=\u00bb0&#8243; z_index=\u00bb0&#8243; top_divider=\u00bbgradient\u00bb bottom_divider=\u00bbstep_3_4&#8243; uncode_shortcode_id=\u00bb682954&#8243; back_color_type=\u00bbuncode-palette\u00bb][vc_column column_width_percent=\u00bb100&#8243; position_vertical=\u00bbbottom\u00bb align_horizontal=\u00bbalign_center\u00bb gutter_size=\u00bb3&#8243; style=\u00bbdark\u00bb overlay_alpha=\u00bb50&#8243; shift_x=\u00bb0&#8243; shift_y=\u00bb0&#8243; shift_y_down=\u00bb0&#8243; z_index=\u00bb0&#8243; medium_width=\u00bb0&#8243; mobile_width=\u00bb0&#8243; css_animation=\u00bbalpha-anim\u00bb animation_speed=\u00bb1000&#8243; width=\u00bb1\/1&#8243; uncode_shortcode_id=\u00bb150904&#8243;][vc_row_inner row_inner_height_percent=\u00bb0&#8243; overlay_alpha=\u00bb100&#8243; gutter_size=\u00bb1&#8243; shift_y=\u00bb0&#8243; z_index=\u00bb0&#8243; mobile_visibility=\u00bbyes\u00bb limit_content=\u00bb\u00bb uncode_shortcode_id=\u00bb101808&#8243;][vc_column_inner width=\u00bb5\/12&#8243;][\/vc_column_inner][vc_column_inner column_width_percent=\u00bb100&#8243; gutter_size=\u00bb2&#8243; style=\u00bbdark\u00bb overlay_alpha=\u00bb50&#8243; shift_x=\u00bb0&#8243; shift_y=\u00bb0&#8243; shift_y_down=\u00bb0&#8243; z_index=\u00bb0&#8243; medium_width=\u00bb4&#8243; mobile_visibility=\u00bbyes\u00bb mobile_width=\u00bb0&#8243; width=\u00bb7\/12&#8243; uncode_shortcode_id=\u00bb773980&#8243;][vc_custom_heading heading_semantic=\u00bbh1&#8243; text_size=\u00bbfontsize-165505&#8243; text_weight=\u00bb400&#8243; text_height=\u00bbfontheight-179065&#8243; uncode_shortcode_id=\u00bb650136&#8243;]Iva\u0301n Bertrand-Galindo A.[\/vc_custom_heading][vc_custom_heading heading_semantic=\u00bbh1&#8243; text_size=\u00bbfontsize-165505&#8243; text_weight=\u00bb400&#8243; text_height=\u00bbfontheight-179065&#8243; text_italic=\u00bbyes\u00bb uncode_shortcode_id=\u00bb120760&#8243; el_id=\u00bbsocio-title\u00bb]Socio[\/vc_custom_heading][\/vc_column_inner][\/vc_row_inner][vc_row_inner row_inner_height_percent=\u00bb0&#8243; overlay_alpha=\u00bb100&#8243; gutter_size=\u00bb3&#8243; shift_y=\u00bb0&#8243; z_index=\u00bb0&#8243; desktop_visibility=\u00bbyes\u00bb medium_visibility=\u00bbyes\u00bb limit_content=\u00bb\u00bb uncode_shortcode_id=\u00bb203623&#8243;][vc_column_inner width=\u00bb5\/12&#8243;][vc_single_image media=\u00bb130954&#8243; dynamic=\u00bbyes\u00bb media_width_percent=\u00bb85&#8243; media_ratio=\u00bbfour-five\u00bb uncode_shortcode_id=\u00bb105726&#8243;][\/vc_column_inner][vc_column_inner column_width_percent=\u00bb100&#8243; gutter_size=\u00bb2&#8243; style=\u00bbdark\u00bb overlay_alpha=\u00bb50&#8243; shift_x=\u00bb0&#8243; shift_y=\u00bb0&#8243; shift_y_down=\u00bb0&#8243; z_index=\u00bb0&#8243; medium_width=\u00bb4&#8243; mobile_width=\u00bb0&#8243; width=\u00bb7\/12&#8243; uncode_shortcode_id=\u00bb105046&#8243;][vc_custom_heading heading_semantic=\u00bbh1&#8243; text_size=\u00bbfontsize-165505&#8243; text_weight=\u00bb400&#8243; text_height=\u00bbfontheight-179065&#8243; uncode_shortcode_id=\u00bb162512&#8243;]Iva\u0301n Bertrand-Galindo A.[\/vc_custom_heading][vc_custom_heading heading_semantic=\u00bbh1&#8243; text_size=\u00bbfontsize-165505&#8243; text_weight=\u00bb400&#8243; text_height=\u00bbfontheight-179065&#8243; text_italic=\u00bbyes\u00bb uncode_shortcode_id=\u00bb909319&#8243; el_id=\u00bbsocio-title\u00bb]Socio[\/vc_custom_heading][\/vc_column_inner][\/vc_row_inner][\/vc_column][\/vc_row][vc_row row_height_percent=\u00bb0&#8243; override_padding=\u00bbyes\u00bb h_padding=\u00bb2&#8243; top_padding=\u00bb0&#8243; bottom_padding=\u00bb2&#8243; overlay_alpha=\u00bb50&#8243; gutter_size=\u00bb4&#8243; column_width_percent=\u00bb100&#8243; shift_y=\u00bb0&#8243; z_index=\u00bb0&#8243; bottom_divider=\u00bbstep_2_3&#8243; mobile_visibility=\u00bbyes\u00bb uncode_shortcode_id=\u00bb481536&#8243; el_id=\u00bbfoto-cv\u00bb][vc_column column_width_percent=\u00bb100&#8243; gutter_size=\u00bb3&#8243; font_family=\u00bbfont-175345&#8243; overlay_alpha=\u00bb50&#8243; shift_x=\u00bb0&#8243; shift_y=\u00bb-5&#8243; shift_y_fixed=\u00bbyes\u00bb shift_y_down=\u00bb0&#8243; z_index=\u00bb0&#8243; medium_width=\u00bb3&#8243; mobile_width=\u00bb0&#8243; width=\u00bb5\/12&#8243; uncode_shortcode_id=\u00bb172429&#8243;][vc_row_inner limit_content=\u00bb\u00bb][vc_column_inner column_width_percent=\u00bb100&#8243; gutter_size=\u00bb3&#8243; overlay_alpha=\u00bb50&#8243; shift_x=\u00bb0&#8243; shift_y=\u00bb-5&#8243; shift_y_down=\u00bb0&#8243; z_index=\u00bb0&#8243; medium_width=\u00bb0&#8243; mobile_width=\u00bb0&#8243; width=\u00bb1\/1&#8243; uncode_shortcode_id=\u00bb161746&#8243;][vc_single_image media=\u00bb130954&#8243; dynamic=\u00bbyes\u00bb media_width_percent=\u00bb85&#8243; media_ratio=\u00bbfour-five\u00bb uncode_shortcode_id=\u00bb105726&#8243;][\/vc_column_inner][\/vc_row_inner][\/vc_column][vc_column column_width_percent=\u00bb100&#8243; gutter_size=\u00bb3&#8243; overlay_alpha=\u00bb50&#8243; shift_x=\u00bb0&#8243; shift_y=\u00bb0&#8243; shift_y_down=\u00bb0&#8243; z_index=\u00bb0&#8243; medium_visibility=\u00bbyes\u00bb medium_width=\u00bb0&#8243; mobile_width=\u00bb0&#8243; width=\u00bb5\/12&#8243;][\/vc_column][vc_column column_width_percent=\u00bb100&#8243; gutter_size=\u00bb3&#8243; overlay_alpha=\u00bb50&#8243; shift_x=\u00bb0&#8243; shift_y=\u00bb0&#8243; shift_y_down=\u00bb0&#8243; z_index=\u00bb0&#8243; medium_width=\u00bb3&#8243; mobile_width=\u00bb0&#8243; width=\u00bb2\/12&#8243; uncode_shortcode_id=\u00bb192213&#8243;][\/vc_column][\/vc_row][vc_row unlock_row=\u00bb\u00bb row_height_percent=\u00bb0&#8243; overlay_alpha=\u00bb50&#8243; gutter_size=\u00bb3&#8243; column_width_percent=\u00bb100&#8243; shift_y=\u00bb0&#8243; z_index=\u00bb0&#8243; uncode_shortcode_id=\u00bb168106&#8243; el_id=\u00bbcv\u00bb][vc_column column_width_percent=\u00bb90&#8243; gutter_size=\u00bb3&#8243; overlay_alpha=\u00bb50&#8243; shift_x=\u00bb0&#8243; shift_y=\u00bb0&#8243; shift_y_down=\u00bb0&#8243; z_index=\u00bb0&#8243; medium_width=\u00bb0&#8243; mobile_width=\u00bb0&#8243; width=\u00bb1\/1&#8243; uncode_shortcode_id=\u00bb147459&#8243;][vc_row_inner][vc_column_inner width=\u00bb2\/6&#8243;][vc_custom_heading heading_semantic=\u00bbp\u00bb text_size=\u00bb\u00bb text_weight=\u00bb900&#8243; uncode_shortcode_id=\u00bb347369&#8243;]Contacto[\/vc_custom_heading][vc_column_text uncode_shortcode_id=\u00bb143269&#8243; css=\u00bb.vc_custom_1718307198218{margin-top: 0px !important;}\u00bb]<a href=\"mailto:ibertrand@bertrand-galindo.cl\">ibertrand@bertrand-galindo.cl<\/a><br \/>\n+<a href=\"tel:56984023014\">56 9 84023014<\/a>[\/vc_column_text][\/vc_column_inner][vc_column_inner width=\u00bb1\/6&#8243;][vc_custom_heading heading_semantic=\u00bbp\u00bb text_size=\u00bb\u00bb text_weight=\u00bb900&#8243; uncode_shortcode_id=\u00bb523371&#8243;]Idiomas[\/vc_custom_heading][vc_column_text uncode_shortcode_id=\u00bb552685&#8243; css=\u00bb.vc_custom_1711125359443{margin-top: 0px !important;}\u00bb]Espa\u00f1ol<br \/>\nIngl\u00e9s[\/vc_column_text][\/vc_column_inner][vc_column_inner width=\u00bb1\/6&#8243;][vc_custom_heading heading_semantic=\u00bbp\u00bb text_size=\u00bb\u00bb text_weight=\u00bb900&#8243; uncode_shortcode_id=\u00bb850667&#8243;]V-Card[\/vc_custom_heading][vc_column_text uncode_shortcode_id=\u00bb458061&#8243; css=\u00bb.vc_custom_1725641290471{margin-top: 0px !important;}\u00bb]<a href=\"\/2023\/vcards\/ivan-bg.vcf\"><img decoding=\"async\" class=\"alignnone wp-image-130701\" src=\"https:\/\/bertrand-galindo.cl\/wp-content\/uploads\/2023\/08\/vcard-icon.png\" alt=\"\" width=\"97\" height=\"62\" srcset=\"https:\/\/www.bertrand-galindo.cl\/2023\/wp-content\/uploads\/2023\/08\/vcard-icon.png 402w, https:\/\/www.bertrand-galindo.cl\/2023\/wp-content\/uploads\/2023\/08\/vcard-icon-300x192.png 300w, https:\/\/www.bertrand-galindo.cl\/2023\/wp-content\/uploads\/2023\/08\/vcard-icon-350x224.png 350w\" sizes=\"(max-width: 97px) 100vw, 97px\" \/><\/a>[\/vc_column_text][\/vc_column_inner][vc_column_inner width=\u00bb2\/6&#8243;][\/vc_column_inner][\/vc_row_inner][vc_column_text uncode_shortcode_id=\u00bb860690&#8243;]El Sr. Bertrand-Galindo concentra su pr\u00e1ctica profesional en Derecho Corporativo y Comercial, Contratos, M&amp;A, Cross-Border Transactions, Inversi\u00f3n Extranjera, Desarrollo de Proyectos, Derecho Minero y Recursos Naturales y Derechos de Agua.<\/p>\n<p>Ha asesorado a una amplia gama de clientes, tanto nacionales como extranjeros, en sus \u00e1reas de especialidad, participando en algunos de los principales asuntos legales ocurridos en nuestro pa\u00eds respecto de dichas materias.<\/p>\n<p>El Sr. Bertrand-Galindo ha sido profesor de cursos relativos al desarrollo de proyectos de miner\u00eda y energ\u00eda en el Magister de la Facultad de Derecho de la Pontificia Universidad Cat\u00f3lica de Chile. Adem\u00e1s, ha sido investigador en el Columbia Vale Center de la Universidad de Columbia y ha estado involucrado en diversas actividades acad\u00e9micas en la Facultad de Derecho de la Pontificia Universidad Cat\u00f3lica de Chile. El se\u00f1or Bertrand-Galindo ha efectuado publicaciones y ha participado en diversos seminarios y presentaciones relativos al derecho minero.<\/p>\n<p>El se\u00f1or Bertrand-Galindo es destacado en el \u00c1rea Miner\u00eda por Chambers &amp; Partners.[\/vc_column_text][vc_column_text uncode_shortcode_id=\u00bb185666&#8243;]<strong>Educaci\u00f3n<\/strong><br \/>\n* Licenciado en Derecho, Pontificia Universidad Cat\u00f3lica de Chile, 2006.<br \/>\n* Minor en Derecho Econ\u00f3mico y Comercial, Pontificia Universidad Cat\u00f3lica de Chile, 2006.<br \/>\n* LL.M., Columbia Law School, Nueva York, 2013, (Harlan Fiske Stone Scholar \/ Becas Chile).[\/vc_column_text][\/vc_column][\/vc_row][vc_row row_height_percent=\u00bb0&#8243; override_padding=\u00bbyes\u00bb h_padding=\u00bb2&#8243; top_padding=\u00bb4&#8243; bottom_padding=\u00bb4&#8243; overlay_alpha=\u00bb50&#8243; gutter_size=\u00bb3&#8243; column_width_percent=\u00bb100&#8243; shift_y=\u00bb0&#8243; z_index=\u00bb0&#8243; bottom_divider=\u00bbstep_3_4&#8243; mobile_visibility=\u00bbyes\u00bb uncode_shortcode_id=\u00bb365561&#8243; el_id=\u00bbareas-practica\u00bb][vc_column column_width_percent=\u00bb100&#8243; align_horizontal=\u00bbalign_center\u00bb gutter_size=\u00bb4&#8243; overlay_alpha=\u00bb50&#8243; shift_x=\u00bb0&#8243; shift_y=\u00bb0&#8243; shift_y_down=\u00bb0&#8243; z_index=\u00bb0&#8243; medium_width=\u00bb0&#8243; mobile_width=\u00bb0&#8243; css_animation=\u00bbalpha-anim\u00bb animation_speed=\u00bb1000&#8243; width=\u00bb1\/1&#8243; uncode_shortcode_id=\u00bb142485&#8243;][vc_row_inner limit_content=\u00bb\u00bb][vc_column_inner width=\u00bb1\/1&#8243;][vc_custom_heading heading_semantic=\u00bbh6&#8243; text_font=\u00bbfont-594008&#8243; text_size=\u00bbfontsize-157437&#8243; text_weight=\u00bb400&#8243; text_transform=\u00bbuppercase\u00bb text_space=\u00bbfontspace-210350&#8243; uncode_shortcode_id=\u00bb210242&#8243; text_color_type=\u00bbuncode-solid\u00bb text_color_solid=\u00bb#878787&#8243;]\u00c1REAS DE PR\u00c1CTICA[\/vc_custom_heading][\/vc_column_inner][\/vc_row_inner][vc_row_inner row_inner_height_percent=\u00bb0&#8243; overlay_alpha=\u00bb50&#8243; equal_height=\u00bbyes\u00bb gutter_size=\u00bb4&#8243; shift_y=\u00bb0&#8243; z_index=\u00bb0&#8243; limit_content=\u00bb\u00bb uncode_shortcode_id=\u00bb174588&#8243;][vc_column_inner column_width_percent=\u00bb100&#8243; align_horizontal=\u00bbalign_center\u00bb gutter_size=\u00bb3&#8243; overlay_alpha=\u00bb50&#8243; shift_x=\u00bb0&#8243; shift_y=\u00bb0&#8243; shift_y_down=\u00bb0&#8243; z_index=\u00bb0&#8243; medium_width=\u00bb4&#8243; mobile_width=\u00bb0&#8243; width=\u00bb1\/4&#8243; uncode_shortcode_id=\u00bb268925&#8243;][vc_custom_heading text_size=\u00bbfontsize-157437&#8243; text_weight=\u00bb400&#8243; text_height=\u00bbfontheight-357766&#8243; uncode_shortcode_id=\u00bb166240&#8243;]Corporativo, Derecho Comercial y M&amp;A[\/vc_custom_heading][\/vc_column_inner][vc_column_inner column_width_percent=\u00bb100&#8243; align_horizontal=\u00bbalign_center\u00bb gutter_size=\u00bb3&#8243; overlay_alpha=\u00bb50&#8243; shift_x=\u00bb0&#8243; shift_y=\u00bb0&#8243; shift_y_down=\u00bb0&#8243; z_index=\u00bb0&#8243; medium_width=\u00bb2&#8243; mobile_width=\u00bb0&#8243; width=\u00bb1\/4&#8243; uncode_shortcode_id=\u00bb112484&#8243;][vc_custom_heading text_size=\u00bbfontsize-157437&#8243; text_weight=\u00bb400&#8243; text_height=\u00bbfontheight-357766&#8243; uncode_shortcode_id=\u00bb151369&#8243;]Derecho Financiero y de Inversiones[\/vc_custom_heading][\/vc_column_inner][vc_column_inner column_width_percent=\u00bb100&#8243; align_horizontal=\u00bbalign_center\u00bb gutter_size=\u00bb3&#8243; overlay_alpha=\u00bb50&#8243; shift_x=\u00bb0&#8243; shift_y=\u00bb0&#8243; shift_y_down=\u00bb0&#8243; z_index=\u00bb0&#8243; medium_width=\u00bb2&#8243; mobile_width=\u00bb0&#8243; width=\u00bb1\/4&#8243; uncode_shortcode_id=\u00bb103011&#8243;][vc_custom_heading text_size=\u00bbfontsize-157437&#8243; text_weight=\u00bb400&#8243; text_height=\u00bbfontheight-357766&#8243; uncode_shortcode_id=\u00bb555766&#8243;]Derecho Minero y Recursos Naturales[\/vc_custom_heading][\/vc_column_inner][vc_column_inner column_width_percent=\u00bb100&#8243; align_horizontal=\u00bbalign_center\u00bb gutter_size=\u00bb3&#8243; overlay_alpha=\u00bb50&#8243; shift_x=\u00bb0&#8243; shift_y=\u00bb0&#8243; shift_y_down=\u00bb0&#8243; z_index=\u00bb0&#8243; medium_width=\u00bb0&#8243; mobile_width=\u00bb0&#8243; width=\u00bb1\/4&#8243; uncode_shortcode_id=\u00bb955737&#8243;][vc_custom_heading text_size=\u00bbfontsize-157437&#8243; text_weight=\u00bb400&#8243; text_height=\u00bbfontheight-357766&#8243; uncode_shortcode_id=\u00bb176728&#8243;]Comercio internacional, Inversi\u00f3n Extranjera y Derecho Internacional[\/vc_custom_heading][\/vc_column_inner][\/vc_row_inner][vc_row_inner row_inner_height_percent=\u00bb0&#8243; overlay_alpha=\u00bb50&#8243; equal_height=\u00bbyes\u00bb gutter_size=\u00bb4&#8243; shift_y=\u00bb0&#8243; z_index=\u00bb0&#8243; limit_content=\u00bb\u00bb uncode_shortcode_id=\u00bb174588&#8243;][vc_column_inner column_width_percent=\u00bb100&#8243; align_horizontal=\u00bbalign_center\u00bb gutter_size=\u00bb3&#8243; overlay_alpha=\u00bb50&#8243; shift_x=\u00bb0&#8243; shift_y=\u00bb0&#8243; shift_y_down=\u00bb0&#8243; z_index=\u00bb0&#8243; medium_width=\u00bb4&#8243; mobile_width=\u00bb0&#8243; width=\u00bb1\/4&#8243; uncode_shortcode_id=\u00bb105064&#8243; el_class=\u00bbgris\u00bb][vc_icon icon=\u00bbfa fa-plus2&#8243; background_style=\u00bbfa-rounded\u00bb outline=\u00bbyes\u00bb uncode_shortcode_id=\u00bb186911&#8243; link=\u00bburl:https%3A%2F%2Fwww.bertrand-galindo.cl%2Fderecho-corporativo-derecho-comercial-y-ma%2F|title:Derecho%20Corporativo%2C%20%20Derecho%20Comercial%20y%20M%26A\u00bb][\/vc_icon][\/vc_column_inner][vc_column_inner column_width_percent=\u00bb100&#8243; align_horizontal=\u00bbalign_center\u00bb gutter_size=\u00bb3&#8243; overlay_alpha=\u00bb50&#8243; shift_x=\u00bb0&#8243; shift_y=\u00bb0&#8243; shift_y_down=\u00bb0&#8243; z_index=\u00bb0&#8243; medium_width=\u00bb2&#8243; mobile_width=\u00bb0&#8243; width=\u00bb1\/4&#8243; uncode_shortcode_id=\u00bb106640&#8243; el_class=\u00bbnegro\u00bb][vc_icon icon=\u00bbfa fa-plus2&#8243; background_style=\u00bbfa-rounded\u00bb outline=\u00bbyes\u00bb uncode_shortcode_id=\u00bb889089&#8243; link=\u00bburl:https%3A%2F%2Fwww.bertrand-galindo.cl%2Fderecho-financiero-y-de-inversiones%2F|title:Derecho%20Financiero%20y%20de%20Inversiones\u00bb][\/vc_icon][\/vc_column_inner][vc_column_inner column_width_percent=\u00bb100&#8243; align_horizontal=\u00bbalign_center\u00bb gutter_size=\u00bb3&#8243; overlay_alpha=\u00bb50&#8243; shift_x=\u00bb0&#8243; shift_y=\u00bb0&#8243; shift_y_down=\u00bb0&#8243; z_index=\u00bb0&#8243; medium_width=\u00bb2&#8243; mobile_width=\u00bb0&#8243; width=\u00bb1\/4&#8243; uncode_shortcode_id=\u00bb195152&#8243; el_class=\u00bbazul\u00bb][vc_icon icon=\u00bbfa fa-plus2&#8243; background_style=\u00bbfa-rounded\u00bb outline=\u00bbyes\u00bb uncode_shortcode_id=\u00bb104794&#8243; link=\u00bburl:https%3A%2F%2Fwww.bertrand-galindo.cl%2Fderecho-minero%2F|title:Derecho%20Minero\u00bb][\/vc_icon][\/vc_column_inner][vc_column_inner column_width_percent=\u00bb100&#8243; align_horizontal=\u00bbalign_center\u00bb gutter_size=\u00bb3&#8243; overlay_alpha=\u00bb50&#8243; shift_x=\u00bb0&#8243; shift_y=\u00bb0&#8243; shift_y_down=\u00bb0&#8243; z_index=\u00bb0&#8243; medium_width=\u00bb0&#8243; mobile_width=\u00bb0&#8243; width=\u00bb1\/4&#8243; uncode_shortcode_id=\u00bb194027&#8243; el_class=\u00bbrosado\u00bb][vc_icon icon=\u00bbfa fa-plus2&#8243; background_style=\u00bbfa-rounded\u00bb outline=\u00bbyes\u00bb uncode_shortcode_id=\u00bb671926&#8243; link=\u00bburl:https%3A%2F%2Fwww.bertrand-galindo.cl%2Fcomercio-internacional-e-inversion-extranjera%2F|title:Comercio%20internacional%2C%20Inversi%C3%B3n%20Extranjera%20y%20Derecho%20Internacional\u00bb][\/vc_icon][\/vc_column_inner][\/vc_row_inner][\/vc_column][\/vc_row][vc_row row_height_percent=\u00bb0&#8243; override_padding=\u00bbyes\u00bb h_padding=\u00bb2&#8243; top_padding=\u00bb4&#8243; bottom_padding=\u00bb4&#8243; overlay_alpha=\u00bb50&#8243; gutter_size=\u00bb3&#8243; column_width_percent=\u00bb100&#8243; shift_y=\u00bb0&#8243; z_index=\u00bb0&#8243; bottom_divider=\u00bbstep_3_4&#8243; desktop_visibility=\u00bbyes\u00bb medium_visibility=\u00bbyes\u00bb uncode_shortcode_id=\u00bb353497&#8243; el_id=\u00bbareas-practica\u00bb][vc_column column_width_percent=\u00bb100&#8243; align_horizontal=\u00bbalign_center\u00bb gutter_size=\u00bb4&#8243; overlay_alpha=\u00bb50&#8243; shift_x=\u00bb0&#8243; shift_y=\u00bb0&#8243; shift_y_down=\u00bb0&#8243; z_index=\u00bb0&#8243; medium_width=\u00bb0&#8243; mobile_width=\u00bb0&#8243; css_animation=\u00bbalpha-anim\u00bb animation_speed=\u00bb1000&#8243; width=\u00bb1\/1&#8243; uncode_shortcode_id=\u00bb142485&#8243;][vc_row_inner limit_content=\u00bb\u00bb][vc_column_inner width=\u00bb1\/1&#8243;][vc_custom_heading heading_semantic=\u00bbh6&#8243; text_font=\u00bbfont-594008&#8243; text_size=\u00bbfontsize-157437&#8243; text_weight=\u00bb400&#8243; text_transform=\u00bbuppercase\u00bb text_space=\u00bbfontspace-210350&#8243; uncode_shortcode_id=\u00bb210242&#8243; text_color_type=\u00bbuncode-solid\u00bb text_color_solid=\u00bb#878787&#8243;]\u00c1REAS DE PR\u00c1CTICA[\/vc_custom_heading][\/vc_column_inner][\/vc_row_inner][vc_row_inner row_inner_height_percent=\u00bb0&#8243; overlay_alpha=\u00bb50&#8243; equal_height=\u00bbyes\u00bb gutter_size=\u00bb5&#8243; shift_y=\u00bb0&#8243; z_index=\u00bb0&#8243; limit_content=\u00bb\u00bb uncode_shortcode_id=\u00bb211906&#8243;][vc_column_inner column_width_percent=\u00bb100&#8243; align_horizontal=\u00bbalign_center\u00bb gutter_size=\u00bb3&#8243; overlay_alpha=\u00bb50&#8243; shift_x=\u00bb0&#8243; shift_y=\u00bb0&#8243; shift_y_down=\u00bb0&#8243; z_index=\u00bb0&#8243; medium_width=\u00bb4&#8243; mobile_width=\u00bb0&#8243; width=\u00bb1\/4&#8243; uncode_shortcode_id=\u00bb268925&#8243;][vc_custom_heading text_size=\u00bbfontsize-157437&#8243; text_weight=\u00bb400&#8243; text_height=\u00bbfontheight-357766&#8243; uncode_shortcode_id=\u00bb551787&#8243;]Derecho Corporativo, Derecho Comercial y M&amp;A[\/vc_custom_heading][vc_icon icon=\u00bbfa fa-plus2&#8243; background_style=\u00bbfa-rounded\u00bb outline=\u00bbyes\u00bb uncode_shortcode_id=\u00bb186911&#8243; link=\u00bburl:https%3A%2F%2Fwww.bertrand-galindo.cl%2Fderecho-corporativo-derecho-comercial-y-ma%2F|title:Derecho%20Corporativo%2C%20%20Derecho%20Comercial%20y%20M%26A\u00bb][\/vc_icon][\/vc_column_inner][vc_column_inner column_width_percent=\u00bb100&#8243; align_horizontal=\u00bbalign_center\u00bb gutter_size=\u00bb3&#8243; overlay_alpha=\u00bb50&#8243; shift_x=\u00bb0&#8243; shift_y=\u00bb0&#8243; shift_y_down=\u00bb0&#8243; z_index=\u00bb0&#8243; medium_width=\u00bb2&#8243; mobile_width=\u00bb0&#8243; width=\u00bb1\/4&#8243; uncode_shortcode_id=\u00bb112484&#8243;][vc_custom_heading text_size=\u00bbfontsize-157437&#8243; text_weight=\u00bb400&#8243; text_height=\u00bbfontheight-357766&#8243; uncode_shortcode_id=\u00bb679316&#8243;]Derecho Financiero y de Inversiones[\/vc_custom_heading][vc_icon icon=\u00bbfa fa-plus2&#8243; background_style=\u00bbfa-rounded\u00bb outline=\u00bbyes\u00bb uncode_shortcode_id=\u00bb889089&#8243; link=\u00bburl:https%3A%2F%2Fwww.bertrand-galindo.cl%2Fderecho-financiero-y-de-inversiones%2F|title:Derecho%20Financiero%20y%20de%20Inversiones\u00bb][\/vc_icon][\/vc_column_inner][vc_column_inner column_width_percent=\u00bb100&#8243; align_horizontal=\u00bbalign_center\u00bb gutter_size=\u00bb3&#8243; overlay_alpha=\u00bb50&#8243; shift_x=\u00bb0&#8243; shift_y=\u00bb0&#8243; shift_y_down=\u00bb0&#8243; z_index=\u00bb0&#8243; medium_width=\u00bb2&#8243; mobile_width=\u00bb0&#8243; width=\u00bb1\/4&#8243; uncode_shortcode_id=\u00bb103011&#8243;][vc_custom_heading text_size=\u00bbfontsize-157437&#8243; text_weight=\u00bb400&#8243; text_height=\u00bbfontheight-357766&#8243; uncode_shortcode_id=\u00bb173888&#8243;]Derecho Minero y Recursos Naturales[\/vc_custom_heading][vc_icon icon=\u00bbfa fa-plus2&#8243; background_style=\u00bbfa-rounded\u00bb outline=\u00bbyes\u00bb uncode_shortcode_id=\u00bb104794&#8243; link=\u00bburl:https%3A%2F%2Fwww.bertrand-galindo.cl%2Fderecho-minero%2F|title:Derecho%20Minero\u00bb][\/vc_icon][\/vc_column_inner][vc_column_inner column_width_percent=\u00bb100&#8243; align_horizontal=\u00bbalign_center\u00bb gutter_size=\u00bb3&#8243; overlay_alpha=\u00bb50&#8243; shift_x=\u00bb0&#8243; shift_y=\u00bb0&#8243; shift_y_down=\u00bb0&#8243; z_index=\u00bb0&#8243; medium_width=\u00bb0&#8243; mobile_width=\u00bb0&#8243; width=\u00bb1\/4&#8243; uncode_shortcode_id=\u00bb955737&#8243;][vc_custom_heading text_size=\u00bbfontsize-157437&#8243; text_weight=\u00bb400&#8243; text_height=\u00bbfontheight-357766&#8243; uncode_shortcode_id=\u00bb213489&#8243;]Comercio Internacional, Inversi\u00f3n Extranjera y\u00a0Derecho Internacional[\/vc_custom_heading][vc_icon icon=\u00bbfa fa-plus2&#8243; background_style=\u00bbfa-rounded\u00bb outline=\u00bbyes\u00bb uncode_shortcode_id=\u00bb671926&#8243; link=\u00bburl:https%3A%2F%2Fwww.bertrand-galindo.cl%2Fcomercio-internacional-e-inversion-extranjera%2F|title:Comercio%20internacional%2C%20Inversi%C3%B3n%20Extranjera%20y%20Derecho%20Internacional\u00bb][\/vc_icon][\/vc_column_inner][\/vc_row_inner][\/vc_column][\/vc_row]<\/p>\n<\/div>","protected":false},"excerpt":{"rendered":"<p>[vc_row row_height_percent=\u00bb65&#8243; back_color=\u00bbcolor-prif\u00bb back_image=\u00bb130832&#8243; overlay_alpha=\u00bb0&#8243; gutter_size=\u00bb3&#8243; column_width_percent=\u00bb100&#8243; shift_y=\u00bb0&#8243; z_index=\u00bb0&#8243; top_divider=\u00bbgradient\u00bb bottom_divider=\u00bbstep_3_4&#8243; uncode_shortcode_id=\u00bb682954&#8243; back_color_type=\u00bbuncode-palette\u00bb][vc_column column_width_percent=\u00bb100&#8243; position_vertical=\u00bbbottom\u00bb align_horizontal=\u00bbalign_center\u00bb gutter_size=\u00bb3&#8243; style=\u00bbdark\u00bb overlay_alpha=\u00bb50&#8243; shift_x=\u00bb0&#8243; [&hellip;]<\/p>\n","protected":false},"author":1,"featured_media":130978,"parent":0,"menu_order":0,"comment_status":"closed","ping_status":"closed","template":"","meta":{"footnotes":""},"class_list":["post-130970","page","type-page","status-publish","has-post-thumbnail","hentry","page_category-derecho-corporativo-derecho-comercial-y-ma","page_category-derecho-financiero-y-de-inversiones","page_category-derecho-minero","page_category-comercio-internacional-e-inversion-extranjera"],"_links":{"self":[{"href":"https:\/\/www.bertrand-galindo.cl\/2023\/wp-json\/wp\/v2\/pages\/130970","targetHints":{"allow":["GET"]}}],"collection":[{"href":"https:\/\/www.bertrand-galindo.cl\/2023\/wp-json\/wp\/v2\/pages"}],"about":[{"href":"https:\/\/www.bertrand-galindo.cl\/2023\/wp-json\/wp\/v2\/types\/page"}],"author":[{"embeddable":true,"href":"https:\/\/www.bertrand-galindo.cl\/2023\/wp-json\/wp\/v2\/users\/1"}],"replies":[{"embeddable":true,"href":"https:\/\/www.bertrand-galindo.cl\/2023\/wp-json\/wp\/v2\/comments?post=130970"}],"version-history":[{"count":15,"href":"https:\/\/www.bertrand-galindo.cl\/2023\/wp-json\/wp\/v2\/pages\/130970\/revisions"}],"predecessor-version":[{"id":131480,"href":"https:\/\/www.bertrand-galindo.cl\/2023\/wp-json\/wp\/v2\/pages\/130970\/revisions\/131480"}],"wp:featuredmedia":[{"embeddable":true,"href":"https:\/\/www.bertrand-galindo.cl\/2023\/wp-json\/wp\/v2\/media\/130978"}],"wp:attachment":[{"href":"https:\/\/www.bertrand-galindo.cl\/2023\/wp-json\/wp\/v2\/media?parent=130970"}],"curies":[{"name":"wp","href":"https:\/\/api.w.org\/{rel}","templated":true}]}}