{"id":131015,"date":"2024-05-20T23:03:53","date_gmt":"2024-05-20T23:03:53","guid":{"rendered":"https:\/\/bertrand-galindo.cl\/2023\/?page_id=131015"},"modified":"2024-06-27T05:06:44","modified_gmt":"2024-06-27T05:06:44","slug":"derecho-internacional","status":"publish","type":"page","link":"https:\/\/www.bertrand-galindo.cl\/2023\/derecho-internacional\/","title":{"rendered":"Derecho Internacional"},"content":{"rendered":"<div class=\"wpb-content-wrapper\"><p>[vc_row row_height_percent=\u00bb50&#8243; override_padding=\u00bbyes\u00bb h_padding=\u00bb2&#8243; top_padding=\u00bb5&#8243; bottom_padding=\u00bb5&#8243; back_color=\u00bbaccent\u00bb back_image=\u00bb131035&#8243; overlay_alpha=\u00bb0&#8243; gutter_size=\u00bb3&#8243; column_width_percent=\u00bb100&#8243; shift_y=\u00bb0&#8243; z_index=\u00bb0&#8243; top_divider=\u00bbgradient\u00bb bottom_divider=\u00bbgradient\u00bb uncode_shortcode_id=\u00bb210503&#8243; back_color_type=\u00bbuncode-palette\u00bb][vc_column column_width_percent=\u00bb100&#8243; position_vertical=\u00bbmiddle\u00bb align_horizontal=\u00bbalign_center\u00bb gutter_size=\u00bb3&#8243; style=\u00bbdark\u00bb overlay_alpha=\u00bb50&#8243; shift_x=\u00bb0&#8243; shift_y=\u00bb0&#8243; shift_y_down=\u00bb0&#8243; z_index=\u00bb0&#8243; medium_width=\u00bb0&#8243; mobile_width=\u00bb0&#8243; css_animation=\u00bbalpha-anim\u00bb animation_speed=\u00bb1000&#8243; width=\u00bb1\/1&#8243; uncode_shortcode_id=\u00bb325957&#8243;][vc_row_inner row_inner_height_percent=\u00bb0&#8243; overlay_alpha=\u00bb100&#8243; gutter_size=\u00bb4&#8243; shift_y=\u00bb0&#8243; z_index=\u00bb0&#8243; limit_content=\u00bb\u00bb uncode_shortcode_id=\u00bb100103&#8243;][vc_column_inner column_width_percent=\u00bb100&#8243; gutter_size=\u00bb2&#8243; style=\u00bbdark\u00bb overlay_alpha=\u00bb50&#8243; shift_x=\u00bb0&#8243; shift_y=\u00bb0&#8243; shift_y_down=\u00bb0&#8243; z_index=\u00bb0&#8243; medium_width=\u00bb4&#8243; mobile_visibility=\u00bbyes\u00bb mobile_width=\u00bb0&#8243; width=\u00bb1\/2&#8243;][vc_custom_heading text_color=\u00bbcolor-203558&#8243; text_font=\u00bbfont-594008&#8243; text_size=\u00bbfontsize-157437&#8243; text_weight=\u00bb400&#8243; text_space=\u00bbfontspace-210350&#8243; uncode_shortcode_id=\u00bb197956&#8243; text_color_type=\u00bbuncode-palette\u00bb]\u00c1REAS DE PR\u00c1CTICA[\/vc_custom_heading][\/vc_column_inner][vc_column_inner column_width_percent=\u00bb100&#8243; align_horizontal=\u00bbalign_right\u00bb gutter_size=\u00bb4&#8243; style=\u00bbdark\u00bb overlay_alpha=\u00bb50&#8243; shift_x=\u00bb0&#8243; shift_y=\u00bb0&#8243; shift_y_down=\u00bb0&#8243; z_index=\u00bb0&#8243; medium_width=\u00bb4&#8243; mobile_width=\u00bb0&#8243; width=\u00bb1\/2&#8243; uncode_shortcode_id=\u00bb107333&#8243;][vc_custom_heading text_color=\u00bbcolor-203558&#8243; heading_semantic=\u00bbh1&#8243; text_size=\u00bbfontsize-155944&#8243; text_weight=\u00bb400&#8243; text_height=\u00bbfontheight-357766&#8243; uncode_shortcode_id=\u00bb210882&#8243; text_color_type=\u00bbuncode-palette\u00bb]Derecho Internacional[\/vc_custom_heading][vc_empty_space empty_h=\u00bb2&#8243; desktop_visibility=\u00bbyes\u00bb medium_visibility=\u00bbyes\u00bb][\/vc_column_inner][\/vc_row_inner][\/vc_column][\/vc_row][vc_row row_height_percent=\u00bb0&#8243; override_padding=\u00bbyes\u00bb h_padding=\u00bb2&#8243; top_padding=\u00bb4&#8243; bottom_padding=\u00bb4&#8243; overlay_alpha=\u00bb50&#8243; gutter_size=\u00bb3&#8243; column_width_percent=\u00bb90&#8243; shift_y=\u00bb0&#8243; z_index=\u00bb0&#8243; bottom_divider=\u00bbstep_3_4&#8243; uncode_shortcode_id=\u00bb179315&#8243;][vc_column column_width_percent=\u00bb100&#8243; gutter_size=\u00bb4&#8243; overlay_alpha=\u00bb50&#8243; shift_x=\u00bb0&#8243; shift_y=\u00bb0&#8243; shift_y_down=\u00bb0&#8243; z_index=\u00bb0&#8243; medium_width=\u00bb0&#8243; mobile_width=\u00bb0&#8243; width=\u00bb1\/1&#8243; uncode_shortcode_id=\u00bb110751&#8243;][vc_column_text uncode_shortcode_id=\u00bb200877&#8243;]En <strong>Bertrand Galindo Barrueto Barroilhet Cia<\/strong> , destacamos por nuestra innovadora pr\u00e1ctica en Derecho Internacional P\u00fablico y Privado, fruto de un equipo altamente especializado con una amplia experiencia en el \u00e1mbito internacional. Nuestra pr\u00e1ctica legal se centra en abordar los retos y aprovechar las oportunidades que surgen en el complejo panorama del derecho internacional, tanto en el sector p\u00fablico como en el privado. Nuestros servicios en esta \u00e1rea incluyen:[\/vc_column_text][\/vc_column][\/vc_row][vc_row row_height_percent=\u00bb0&#8243; override_padding=\u00bbyes\u00bb h_padding=\u00bb2&#8243; top_padding=\u00bb4&#8243; bottom_padding=\u00bb4&#8243; back_image=\u00bb131036&#8243; overlay_alpha=\u00bb50&#8243; gutter_size=\u00bb3&#8243; column_width_percent=\u00bb100&#8243; shift_y=\u00bb0&#8243; z_index=\u00bb0&#8243; uncode_shortcode_id=\u00bb112025&#8243; el_id=\u00bbservicios-areas\u00bb][vc_column width=\u00bb1\/3&#8243;][vc_icon position=\u00bbleft\u00bb icon=\u00bbfa fa-circle\u00bb icon_color=\u00bbaccent\u00bb heading_semantic=\u00bbp\u00bb text_size=\u00bbfontsize-157437&#8243; uncode_shortcode_id=\u00bb154321&#8243; icon_color_type=\u00bbuncode-palette\u00bb]Asesor\u00eda en la interpretaci\u00f3n y aplicaci\u00f3n de tratados internacionales, incluyendo aquellos relacionados con comercio, inversi\u00f3n, derechos humanos y medio ambiente, asegurando el cumplimiento de las obligaciones internacionales de nuestros clientes.[\/vc_icon][\/vc_column][vc_column width=\u00bb1\/3&#8243;][vc_icon position=\u00bbleft\u00bb icon=\u00bbfa fa-circle\u00bb icon_color=\u00bbaccent\u00bb heading_semantic=\u00bbp\u00bb text_size=\u00bbfontsize-157437&#8243; uncode_shortcode_id=\u00bb865017&#8243; icon_color_type=\u00bbuncode-palette\u00bb]Representaci\u00f3n y defensa en litigios internacionales, incluyendo disputas ante tribunales internacionales y en arbitrajes internacionales, tanto en defensa de Estados como de entidades privadas.[\/vc_icon][\/vc_column][vc_column width=\u00bb1\/3&#8243;][vc_icon position=\u00bbleft\u00bb icon=\u00bbfa fa-circle\u00bb icon_color=\u00bbaccent\u00bb heading_semantic=\u00bbp\u00bb text_size=\u00bbfontsize-157437&#8243; uncode_shortcode_id=\u00bb124823&#8243; icon_color_type=\u00bbuncode-palette\u00bb]Asesoramiento en derecho internacional privado, abordando temas de jurisdicci\u00f3n, ley aplicable y reconocimiento y ejecuci\u00f3n de sentencias extranjeras en materias civiles y comerciales.[\/vc_icon][\/vc_column][vc_column width=\u00bb1\/3&#8243;][vc_icon position=\u00bbleft\u00bb icon=\u00bbfa fa-circle\u00bb icon_color=\u00bbaccent\u00bb heading_semantic=\u00bbp\u00bb text_size=\u00bbfontsize-157437&#8243; uncode_shortcode_id=\u00bb300324&#8243; icon_color_type=\u00bbuncode-palette\u00bb]Consultor\u00eda en operaciones de comercio internacional, incluyendo la negociaci\u00f3n y estructuraci\u00f3n de acuerdos comerciales internacionales y la resoluci\u00f3n de disputas comerciales transfronterizas.[\/vc_icon][\/vc_column][vc_column width=\u00bb1\/3&#8243;][vc_icon position=\u00bbleft\u00bb icon=\u00bbfa fa-circle\u00bb icon_color=\u00bbaccent\u00bb heading_semantic=\u00bbp\u00bb text_size=\u00bbfontsize-157437&#8243; uncode_shortcode_id=\u00bb124818&#8243; icon_color_type=\u00bbuncode-palette\u00bb]Asesor\u00eda en la estructuraci\u00f3n de inversiones internacionales, incluyendo la protecci\u00f3n de inversiones extranjeras y la planificaci\u00f3n estrat\u00e9gica para minimizar riesgos.[\/vc_icon][\/vc_column][vc_column width=\u00bb1\/3&#8243;][vc_icon position=\u00bbleft\u00bb icon=\u00bbfa fa-circle\u00bb icon_color=\u00bbaccent\u00bb heading_semantic=\u00bbp\u00bb text_size=\u00bbfontsize-157437&#8243; uncode_shortcode_id=\u00bb196818&#8243; icon_color_type=\u00bbuncode-palette\u00bb]Orientaci\u00f3n sobre cumplimiento normativo en el contexto internacional, incluyendo normas de anticorrupci\u00f3n, sanciones y control de exportaciones.[\/vc_icon][\/vc_column][vc_column width=\u00bb1\/3&#8243;][vc_icon position=\u00bbleft\u00bb icon=\u00bbfa fa-circle\u00bb icon_color=\u00bbaccent\u00bb heading_semantic=\u00bbp\u00bb text_size=\u00bbfontsize-157437&#8243; uncode_shortcode_id=\u00bb530193&#8243; icon_color_type=\u00bbuncode-palette\u00bb]Asesoramiento en la creaci\u00f3n de estrategias de negociaci\u00f3n para entidades que interact\u00faan con organismos internacionales y gobiernos extranjeros.[\/vc_icon][\/vc_column][vc_column width=\u00bb1\/3&#8243;][vc_icon position=\u00bbleft\u00bb icon=\u00bbfa fa-circle\u00bb icon_color=\u00bbaccent\u00bb heading_semantic=\u00bbp\u00bb text_size=\u00bbfontsize-157437&#8243; uncode_shortcode_id=\u00bb375352&#8243; icon_color_type=\u00bbuncode-palette\u00bb]Soporte legal en la gesti\u00f3n de asuntos relacionados con la soberan\u00eda, inmunidades estatales y la diplomacia.[\/vc_icon][\/vc_column][vc_column width=\u00bb1\/3&#8243;][vc_icon position=\u00bbleft\u00bb icon=\u00bbfa fa-circle\u00bb icon_color=\u00bbaccent\u00bb heading_semantic=\u00bbp\u00bb text_size=\u00bbfontsize-157437&#8243; uncode_shortcode_id=\u00bb136347&#8243; icon_color_type=\u00bbuncode-palette\u00bb]Desarrollo de estrategias para abordar problemas de derechos humanos y laborales en el \u00e1mbito internacional.[\/vc_icon][\/vc_column][vc_column width=\u00bb1\/3&#8243;][vc_icon position=\u00bbleft\u00bb icon=\u00bbfa fa-circle\u00bb icon_color=\u00bbaccent\u00bb heading_semantic=\u00bbp\u00bb text_size=\u00bbfontsize-157437&#8243; uncode_shortcode_id=\u00bb620137&#8243; icon_color_type=\u00bbuncode-palette\u00bb]Consultor\u00eda sobre el impacto de las pol\u00edticas p\u00fablicas internacionales en las operaciones comerciales y las inversiones.[\/vc_icon][\/vc_column][vc_column width=\u00bb1\/3&#8243;][\/vc_column][vc_column width=\u00bb1\/3&#8243;][\/vc_column][\/vc_row][vc_row row_height_percent=\u00bb0&#8243; override_padding=\u00bbyes\u00bb h_padding=\u00bb2&#8243; top_padding=\u00bb4&#8243; bottom_padding=\u00bb4&#8243; overlay_alpha=\u00bb50&#8243; gutter_size=\u00bb3&#8243; column_width_percent=\u00bb100&#8243; shift_y=\u00bb0&#8243; z_index=\u00bb0&#8243; bottom_divider=\u00bbstep_3_4&#8243; uncode_shortcode_id=\u00bb194440&#8243; el_id=\u00bbsocio-area\u00bb][vc_column column_width_percent=\u00bb100&#8243; position_vertical=\u00bbmiddle\u00bb gutter_size=\u00bb4&#8243; overlay_alpha=\u00bb50&#8243; shift_x=\u00bb0&#8243; shift_y=\u00bb0&#8243; shift_y_down=\u00bb0&#8243; z_index=\u00bb0&#8243; medium_width=\u00bb0&#8243; mobile_width=\u00bb0&#8243; css_animation=\u00bbalpha-anim\u00bb animation_speed=\u00bb1000&#8243; width=\u00bb1\/1&#8243; uncode_shortcode_id=\u00bb803375&#8243;][vc_custom_heading heading_semantic=\u00bbh6&#8243; text_font=\u00bbfont-594008&#8243; text_size=\u00bbfontsize-157437&#8243; text_weight=\u00bb400&#8243; text_transform=\u00bbuppercase\u00bb text_space=\u00bbfontspace-210350&#8243; uncode_shortcode_id=\u00bb193066&#8243; text_color_type=\u00bbuncode-solid\u00bb text_color_solid=\u00bb#878787&#8243;]SOCIO A CARGO[\/vc_custom_heading][uncode_index el_id=\u00bbindex-905568&#8243; loop=\u00bbsize:2|order_by:date|order:ASC|post_type:page|tax_query:160|taxonomy_count:10&#8243; screen_lg=\u00bb1000&#8243; screen_md=\u00bb600&#8243; screen_sm=\u00bb480&#8243; gutter_size=\u00bb3&#8243; page_items=\u00bbtitle,email,telefono,link|link|default_size|scale_mobile|+ LEER CV\u00bb single_overlay_opacity=\u00bb50&#8243; single_padding=\u00bb2&#8243; single_title_dimension=\u00bbfontsize-872644&#8243; uncode_shortcode_id=\u00bb160827&#8243; el_class=\u00bbsocio-a-cargo\u00bb][\/vc_column][\/vc_row][vc_row row_height_percent=\u00bb0&#8243; overlay_alpha=\u00bb50&#8243; equal_height=\u00bbyes\u00bb gutter_size=\u00bb3&#8243; column_width_percent=\u00bb100&#8243; shift_y=\u00bb0&#8243; z_index=\u00bb0&#8243; uncode_shortcode_id=\u00bb394828&#8243;][vc_column width=\u00bb1\/1&#8243;][vc_custom_heading heading_semantic=\u00bbh3&#8243; text_font=\u00bbfont-594008&#8243; text_size=\u00bbfontsize-157437&#8243; text_weight=\u00bb400&#8243; text_transform=\u00bbuppercase\u00bb text_space=\u00bbfontspace-210350&#8243; uncode_shortcode_id=\u00bb163953&#8243; text_color_type=\u00bbuncode-solid\u00bb text_color_solid=\u00bb#878787&#8243;]\u00c1REAS DE PR\u00c1CTICA RELACIONADAS[\/vc_custom_heading][vc_empty_space empty_h=\u00bb2&#8243;][\/vc_column][\/vc_row][vc_row row_height_percent=\u00bb0&#8243; overlay_alpha=\u00bb50&#8243; equal_height=\u00bbyes\u00bb gutter_size=\u00bb4&#8243; column_width_percent=\u00bb100&#8243; shift_y=\u00bb0&#8243; z_index=\u00bb0&#8243; uncode_shortcode_id=\u00bb212747&#8243; el_id=\u00bbareas-relacionadas\u00bb][vc_column column_width_percent=\u00bb100&#8243; align_horizontal=\u00bbalign_center\u00bb gutter_size=\u00bb3&#8243; overlay_alpha=\u00bb50&#8243; shift_x=\u00bb0&#8243; shift_y=\u00bb0&#8243; shift_y_down=\u00bb0&#8243; z_index=\u00bb0&#8243; medium_width=\u00bb0&#8243; mobile_width=\u00bb0&#8243; width=\u00bb1\/4&#8243; uncode_shortcode_id=\u00bb125420&#8243;][vc_icon position=\u00bbbottom\u00bb icon=\u00bbfa fa-plus2&#8243; background_style=\u00bbfa-rounded\u00bb outline=\u00bbyes\u00bb heading_semantic=\u00bbh2&#8243; text_size=\u00bbfontsize-157437&#8243; text_weight=\u00bb300&#8243; text_lead=\u00bbyes\u00bb uncode_shortcode_id=\u00bb138366&#8243; link=\u00bburl:%23&#8243; title=\u00bbASG\u00bb][\/vc_icon][\/vc_column][vc_column column_width_percent=\u00bb100&#8243; align_horizontal=\u00bbalign_center\u00bb gutter_size=\u00bb3&#8243; overlay_alpha=\u00bb50&#8243; shift_x=\u00bb0&#8243; shift_y=\u00bb0&#8243; shift_y_down=\u00bb0&#8243; z_index=\u00bb0&#8243; medium_width=\u00bb0&#8243; mobile_width=\u00bb0&#8243; width=\u00bb1\/4&#8243; uncode_shortcode_id=\u00bb106693&#8243;][vc_icon position=\u00bbbottom\u00bb icon=\u00bbfa fa-plus2&#8243; background_style=\u00bbfa-rounded\u00bb outline=\u00bbyes\u00bb heading_semantic=\u00bbh2&#8243; text_size=\u00bbfontsize-157437&#8243; text_weight=\u00bb300&#8243; text_lead=\u00bbyes\u00bb uncode_shortcode_id=\u00bb205684&#8243; link=\u00bburl:%23&#8243; title=\u00bbDerecho Laboral y Migratorio\u00bb][\/vc_icon][\/vc_column][vc_column column_width_percent=\u00bb100&#8243; align_horizontal=\u00bbalign_center\u00bb gutter_size=\u00bb3&#8243; overlay_alpha=\u00bb50&#8243; shift_x=\u00bb0&#8243; shift_y=\u00bb0&#8243; shift_y_down=\u00bb0&#8243; z_index=\u00bb0&#8243; medium_width=\u00bb0&#8243; mobile_width=\u00bb0&#8243; width=\u00bb1\/4&#8243; uncode_shortcode_id=\u00bb135641&#8243;][vc_icon position=\u00bbbottom\u00bb icon=\u00bbfa fa-plus2&#8243; background_style=\u00bbfa-rounded\u00bb outline=\u00bbyes\u00bb heading_semantic=\u00bbh2&#8243; text_size=\u00bbfontsize-157437&#8243; text_weight=\u00bb300&#8243; text_lead=\u00bbyes\u00bb uncode_shortcode_id=\u00bb141703&#8243; link=\u00bburl:%23&#8243; title=\u00bbComercio Internacional e Inversi\u00f3n Extranjera\u00bb][\/vc_icon][\/vc_column][vc_column column_width_percent=\u00bb100&#8243; align_horizontal=\u00bbalign_center\u00bb gutter_size=\u00bb3&#8243; overlay_alpha=\u00bb50&#8243; shift_x=\u00bb0&#8243; shift_y=\u00bb0&#8243; shift_y_down=\u00bb0&#8243; z_index=\u00bb0&#8243; medium_width=\u00bb0&#8243; mobile_width=\u00bb0&#8243; width=\u00bb1\/4&#8243; uncode_shortcode_id=\u00bb191343&#8243;][vc_icon position=\u00bbbottom\u00bb icon=\u00bbfa fa-plus2&#8243; background_style=\u00bbfa-rounded\u00bb outline=\u00bbyes\u00bb heading_semantic=\u00bbh2&#8243; text_size=\u00bbfontsize-157437&#8243; text_weight=\u00bb300&#8243; text_lead=\u00bbyes\u00bb uncode_shortcode_id=\u00bb377958&#8243; link=\u00bburl:%23&#8243; title=\u00bbResoluci\u00f3n de litigios y arbitraje\u00bb][\/vc_icon][\/vc_column][\/vc_row][vc_row row_height_percent=\u00bb0&#8243; override_padding=\u00bbyes\u00bb h_padding=\u00bb2&#8243; top_padding=\u00bb3&#8243; bottom_padding=\u00bb3&#8243; overlay_alpha=\u00bb50&#8243; gutter_size=\u00bb3&#8243; column_width_percent=\u00bb100&#8243; shift_y=\u00bb0&#8243; z_index=\u00bb3&#8243; top_divider=\u00bbstep_2_3&#8243; bottom_divider=\u00bbstep_2_3&#8243; uncode_shortcode_id=\u00bb108191&#8243; back_color_type=\u00bbuncode-solid\u00bb back_color_solid=\u00bbrgba(218,218,218,0.2)\u00bb css=\u00bb.vc_custom_1712085852336{margin-top: 40px !important;}\u00bb][vc_column column_width_percent=\u00bb100&#8243; gutter_size=\u00bb4&#8243; overlay_alpha=\u00bb50&#8243; shift_x=\u00bb0&#8243; shift_y=\u00bb0&#8243; shift_y_down=\u00bb0&#8243; z_index=\u00bb0&#8243; medium_width=\u00bb0&#8243; mobile_width=\u00bb0&#8243; css_animation=\u00bbalpha-anim\u00bb animation_speed=\u00bb1000&#8243; width=\u00bb1\/1&#8243; uncode_shortcode_id=\u00bb135082&#8243;][vc_row_inner limit_content=\u00bb\u00bb][vc_column_inner width=\u00bb1\/1&#8243;][vc_custom_heading heading_semantic=\u00bbh6&#8243; text_font=\u00bbfont-594008&#8243; text_size=\u00bbfontsize-157437&#8243; text_weight=\u00bb400&#8243; text_transform=\u00bbuppercase\u00bb text_space=\u00bbfontspace-210350&#8243; uncode_shortcode_id=\u00bb221917&#8243;]BLOG[\/vc_custom_heading][\/vc_column_inner][\/vc_row_inner][vc_row_inner row_inner_height_percent=\u00bb0&#8243; overlay_alpha=\u00bb50&#8243; gutter_size=\u00bb4&#8243; shift_y=\u00bb0&#8243; z_index=\u00bb0&#8243; limit_content=\u00bb\u00bb][vc_column_inner column_width_percent=\u00bb100&#8243; gutter_size=\u00bb2&#8243; font_family=\u00bbfont-175345&#8243; overlay_alpha=\u00bb50&#8243; shift_x=\u00bb0&#8243; shift_y=\u00bb0&#8243; shift_y_down=\u00bb0&#8243; z_index=\u00bb0&#8243; medium_width=\u00bb0&#8243; mobile_width=\u00bb0&#8243; width=\u00bb1\/1&#8243;][vc_custom_heading text_color=\u00bbaccent\u00bb text_size=\u00bbfontsize-155944&#8243; text_weight=\u00bb400&#8243; uncode_shortcode_id=\u00bb488373&#8243; text_color_type=\u00bbuncode-palette\u00bb]Publicaciones relacionadas[\/vc_custom_heading][uncode_index el_id=\u00bbindex-131812&#8243; loop=\u00bbsize:3|order_by:date|post_type:post|taxonomy_count:10&#8243; screen_lg=\u00bb600&#8243; screen_md=\u00bb600&#8243; screen_sm=\u00bb480&#8243; gutter_size=\u00bb4&#8243; post_items=\u00bbtitle,text|excerpt|100,spacer|half,link|link|default_size|scale_mobile|+ Informaci\u00f3n\u00bb single_overlay_opacity=\u00bb50&#8243; single_padding=\u00bb2&#8243; single_title_family=\u00bbfont-151052&#8243; single_title_dimension=\u00bbh4&#8243; single_title_weight=\u00bb400&#8243; single_title_height=\u00bbfontheight-357766&#8243; single_text_lead=\u00bbyes\u00bb uncode_shortcode_id=\u00bb190114&#8243;][\/vc_column_inner][\/vc_row_inner][\/vc_column][\/vc_row]<\/p>\n<\/div>","protected":false},"excerpt":{"rendered":"<p>[vc_row row_height_percent=\u00bb50&#8243; override_padding=\u00bbyes\u00bb h_padding=\u00bb2&#8243; top_padding=\u00bb5&#8243; bottom_padding=\u00bb5&#8243; back_color=\u00bbaccent\u00bb back_image=\u00bb131035&#8243; overlay_alpha=\u00bb0&#8243; gutter_size=\u00bb3&#8243; column_width_percent=\u00bb100&#8243; shift_y=\u00bb0&#8243; z_index=\u00bb0&#8243; top_divider=\u00bbgradient\u00bb bottom_divider=\u00bbgradient\u00bb uncode_shortcode_id=\u00bb210503&#8243; back_color_type=\u00bbuncode-palette\u00bb][vc_column column_width_percent=\u00bb100&#8243; position_vertical=\u00bbmiddle\u00bb align_horizontal=\u00bbalign_center\u00bb [&hellip;]<\/p>\n","protected":false},"author":1,"featured_media":0,"parent":0,"menu_order":0,"comment_status":"closed","ping_status":"closed","template":"","meta":{"footnotes":""},"class_list":["post-131015","page","type-page","status-publish","hentry"],"_links":{"self":[{"href":"https:\/\/www.bertrand-galindo.cl\/2023\/wp-json\/wp\/v2\/pages\/131015","targetHints":{"allow":["GET"]}}],"collection":[{"href":"https:\/\/www.bertrand-galindo.cl\/2023\/wp-json\/wp\/v2\/pages"}],"about":[{"href":"https:\/\/www.bertrand-galindo.cl\/2023\/wp-json\/wp\/v2\/types\/page"}],"author":[{"embeddable":true,"href":"https:\/\/www.bertrand-galindo.cl\/2023\/wp-json\/wp\/v2\/users\/1"}],"replies":[{"embeddable":true,"href":"https:\/\/www.bertrand-galindo.cl\/2023\/wp-json\/wp\/v2\/comments?post=131015"}],"version-history":[{"count":9,"href":"https:\/\/www.bertrand-galindo.cl\/2023\/wp-json\/wp\/v2\/pages\/131015\/revisions"}],"predecessor-version":[{"id":131238,"href":"https:\/\/www.bertrand-galindo.cl\/2023\/wp-json\/wp\/v2\/pages\/131015\/revisions\/131238"}],"wp:attachment":[{"href":"https:\/\/www.bertrand-galindo.cl\/2023\/wp-json\/wp\/v2\/media?parent=131015"}],"curies":[{"name":"wp","href":"https:\/\/api.w.org\/{rel}","templated":true}]}}