{"id":131415,"date":"2024-09-11T16:17:22","date_gmt":"2024-09-11T16:17:22","guid":{"rendered":"https:\/\/bertrand-galindo.cl\/2023\/?page_id=131415"},"modified":"2025-10-04T19:19:08","modified_gmt":"2025-10-04T19:19:08","slug":"arturo-faulbaum-a","status":"publish","type":"page","link":"https:\/\/www.bertrand-galindo.cl\/2023\/arturo-faulbaum-a\/","title":{"rendered":"Arturo Faulbaum A."},"content":{"rendered":"<div class=\"wpb-content-wrapper\"><p>[vc_row row_height_percent=\u00bb65&#8243; back_color=\u00bbcolor-prif\u00bb back_image=\u00bb130832&#8243; overlay_alpha=\u00bb0&#8243; gutter_size=\u00bb3&#8243; column_width_percent=\u00bb100&#8243; shift_y=\u00bb0&#8243; z_index=\u00bb0&#8243; top_divider=\u00bbgradient\u00bb bottom_divider=\u00bbstep_3_4&#8243; uncode_shortcode_id=\u00bb125518&#8243; back_color_type=\u00bbuncode-palette\u00bb][vc_column column_width_percent=\u00bb100&#8243; position_vertical=\u00bbbottom\u00bb align_horizontal=\u00bbalign_center\u00bb gutter_size=\u00bb3&#8243; style=\u00bbdark\u00bb overlay_alpha=\u00bb50&#8243; shift_x=\u00bb0&#8243; shift_y=\u00bb0&#8243; shift_y_down=\u00bb0&#8243; z_index=\u00bb0&#8243; medium_width=\u00bb0&#8243; mobile_width=\u00bb0&#8243; css_animation=\u00bbalpha-anim\u00bb animation_speed=\u00bb1000&#8243; width=\u00bb1\/1&#8243; uncode_shortcode_id=\u00bb150904&#8243;][vc_row_inner row_inner_height_percent=\u00bb0&#8243; overlay_alpha=\u00bb100&#8243; gutter_size=\u00bb1&#8243; shift_y=\u00bb0&#8243; z_index=\u00bb0&#8243; mobile_visibility=\u00bbyes\u00bb limit_content=\u00bb\u00bb uncode_shortcode_id=\u00bb101808&#8243;][vc_column_inner width=\u00bb5\/12&#8243;][\/vc_column_inner][vc_column_inner column_width_percent=\u00bb100&#8243; gutter_size=\u00bb2&#8243; style=\u00bbdark\u00bb overlay_alpha=\u00bb50&#8243; shift_x=\u00bb0&#8243; shift_y=\u00bb0&#8243; shift_y_down=\u00bb0&#8243; z_index=\u00bb0&#8243; medium_width=\u00bb4&#8243; mobile_visibility=\u00bbyes\u00bb mobile_width=\u00bb0&#8243; width=\u00bb7\/12&#8243; uncode_shortcode_id=\u00bb773980&#8243;][vc_custom_heading auto_text=\u00bbyes\u00bb heading_semantic=\u00bbh1&#8243; text_size=\u00bbfontsize-165505&#8243; text_weight=\u00bb400&#8243; text_height=\u00bbfontheight-179065&#8243; uncode_shortcode_id=\u00bb129309&#8243;][\/vc_custom_heading][vc_custom_heading heading_semantic=\u00bbh1&#8243; text_size=\u00bbfontsize-165505&#8243; text_weight=\u00bb400&#8243; text_height=\u00bbfontheight-179065&#8243; text_italic=\u00bbyes\u00bb uncode_shortcode_id=\u00bb416135&#8243; el_id=\u00bbsocio-title\u00bb]Asociado Senior[\/vc_custom_heading][\/vc_column_inner][\/vc_row_inner][vc_row_inner row_inner_height_percent=\u00bb0&#8243; overlay_alpha=\u00bb100&#8243; gutter_size=\u00bb3&#8243; shift_y=\u00bb0&#8243; z_index=\u00bb0&#8243; desktop_visibility=\u00bbyes\u00bb medium_visibility=\u00bbyes\u00bb limit_content=\u00bb\u00bb uncode_shortcode_id=\u00bb203623&#8243;][vc_column_inner width=\u00bb5\/12&#8243;][vc_single_image media=\u00bb130954&#8243; dynamic=\u00bbyes\u00bb media_width_percent=\u00bb85&#8243; media_ratio=\u00bbfour-five\u00bb uncode_shortcode_id=\u00bb105726&#8243;][\/vc_column_inner][vc_column_inner column_width_percent=\u00bb100&#8243; gutter_size=\u00bb2&#8243; style=\u00bbdark\u00bb overlay_alpha=\u00bb50&#8243; shift_x=\u00bb0&#8243; shift_y=\u00bb0&#8243; shift_y_down=\u00bb0&#8243; z_index=\u00bb0&#8243; medium_width=\u00bb4&#8243; mobile_width=\u00bb0&#8243; width=\u00bb7\/12&#8243; uncode_shortcode_id=\u00bb105046&#8243;][vc_custom_heading auto_text=\u00bbyes\u00bb heading_semantic=\u00bbh1&#8243; text_size=\u00bbfontsize-165505&#8243; text_weight=\u00bb400&#8243; text_height=\u00bbfontheight-179065&#8243; uncode_shortcode_id=\u00bb176025&#8243;][\/vc_custom_heading][vc_custom_heading heading_semantic=\u00bbh1&#8243; text_size=\u00bbfontsize-165505&#8243; text_weight=\u00bb400&#8243; text_height=\u00bbfontheight-179065&#8243; text_italic=\u00bbyes\u00bb uncode_shortcode_id=\u00bb121326&#8243; el_id=\u00bbsocio-title\u00bb]Asociado Senior[\/vc_custom_heading][\/vc_column_inner][\/vc_row_inner][\/vc_column][\/vc_row][vc_row row_height_percent=\u00bb0&#8243; override_padding=\u00bbyes\u00bb h_padding=\u00bb2&#8243; top_padding=\u00bb0&#8243; bottom_padding=\u00bb2&#8243; overlay_alpha=\u00bb50&#8243; gutter_size=\u00bb4&#8243; column_width_percent=\u00bb100&#8243; shift_y=\u00bb0&#8243; z_index=\u00bb0&#8243; bottom_divider=\u00bbstep_2_3&#8243; mobile_visibility=\u00bbyes\u00bb uncode_shortcode_id=\u00bb481536&#8243; el_id=\u00bbfoto-cv\u00bb][vc_column column_width_percent=\u00bb100&#8243; gutter_size=\u00bb3&#8243; font_family=\u00bbfont-175345&#8243; overlay_alpha=\u00bb50&#8243; shift_x=\u00bb0&#8243; shift_y=\u00bb-5&#8243; shift_y_fixed=\u00bbyes\u00bb shift_y_down=\u00bb0&#8243; z_index=\u00bb0&#8243; medium_width=\u00bb3&#8243; mobile_width=\u00bb0&#8243; width=\u00bb5\/12&#8243; uncode_shortcode_id=\u00bb172429&#8243;][vc_row_inner limit_content=\u00bb\u00bb][vc_column_inner column_width_percent=\u00bb100&#8243; gutter_size=\u00bb3&#8243; overlay_alpha=\u00bb50&#8243; shift_x=\u00bb0&#8243; shift_y=\u00bb-5&#8243; shift_y_down=\u00bb0&#8243; z_index=\u00bb0&#8243; medium_width=\u00bb0&#8243; mobile_width=\u00bb0&#8243; width=\u00bb1\/1&#8243; uncode_shortcode_id=\u00bb161746&#8243;][vc_single_image media=\u00bb130954&#8243; dynamic=\u00bbyes\u00bb media_width_percent=\u00bb85&#8243; media_ratio=\u00bbfour-five\u00bb uncode_shortcode_id=\u00bb105726&#8243;][\/vc_column_inner][\/vc_row_inner][\/vc_column][vc_column column_width_percent=\u00bb100&#8243; gutter_size=\u00bb3&#8243; overlay_alpha=\u00bb50&#8243; shift_x=\u00bb0&#8243; shift_y=\u00bb0&#8243; shift_y_down=\u00bb0&#8243; z_index=\u00bb0&#8243; medium_visibility=\u00bbyes\u00bb medium_width=\u00bb0&#8243; mobile_width=\u00bb0&#8243; width=\u00bb5\/12&#8243;][\/vc_column][vc_column column_width_percent=\u00bb100&#8243; gutter_size=\u00bb3&#8243; overlay_alpha=\u00bb50&#8243; shift_x=\u00bb0&#8243; shift_y=\u00bb0&#8243; shift_y_down=\u00bb0&#8243; z_index=\u00bb0&#8243; medium_width=\u00bb3&#8243; mobile_width=\u00bb0&#8243; width=\u00bb2\/12&#8243; uncode_shortcode_id=\u00bb192213&#8243;][\/vc_column][\/vc_row][vc_row unlock_row=\u00bb\u00bb row_height_percent=\u00bb0&#8243; overlay_alpha=\u00bb50&#8243; gutter_size=\u00bb3&#8243; column_width_percent=\u00bb100&#8243; shift_y=\u00bb0&#8243; z_index=\u00bb0&#8243; uncode_shortcode_id=\u00bb225903&#8243; el_id=\u00bbcv\u00bb css=\u00bb.vc_custom_1716563816503{margin-top: 50px !important;}\u00bb][vc_column column_width_percent=\u00bb90&#8243; gutter_size=\u00bb3&#8243; overlay_alpha=\u00bb50&#8243; shift_x=\u00bb0&#8243; shift_y=\u00bb0&#8243; shift_y_down=\u00bb0&#8243; z_index=\u00bb0&#8243; medium_width=\u00bb0&#8243; mobile_width=\u00bb0&#8243; width=\u00bb1\/1&#8243; uncode_shortcode_id=\u00bb147459&#8243;][vc_row_inner][vc_column_inner width=\u00bb2\/6&#8243;][vc_custom_heading heading_semantic=\u00bbp\u00bb text_size=\u00bb\u00bb text_weight=\u00bb900&#8243; uncode_shortcode_id=\u00bb347369&#8243;]Contacto[\/vc_custom_heading][vc_column_text uncode_shortcode_id=\u00bb129827&#8243; css=\u00bb.vc_custom_1726070530740{margin-top: 0px !important;}\u00bb]<a href=\"mailto:afaulbaum@bertrand-galindo.cl\">afaulbaum@bertrand-galindo.cl<\/a><br \/>\n<a href=\"tel:+56986762244\">+56 9 86762244<\/a>[\/vc_column_text][\/vc_column_inner][vc_column_inner width=\u00bb1\/6&#8243;][vc_custom_heading heading_semantic=\u00bbp\u00bb text_size=\u00bb\u00bb text_weight=\u00bb900&#8243; uncode_shortcode_id=\u00bb523371&#8243;]Idiomas[\/vc_custom_heading][vc_column_text uncode_shortcode_id=\u00bb998634&#8243; css=\u00bb.vc_custom_1726070494392{margin-top: 0px !important;}\u00bb]Espa\u00f1ol<br \/>\nIngl\u00e9s<br \/>\nPortugu\u00e9s<br \/>\nFranc\u00e9s[\/vc_column_text][\/vc_column_inner][vc_column_inner width=\u00bb1\/6&#8243;][vc_custom_heading heading_semantic=\u00bbp\u00bb text_size=\u00bb\u00bb text_weight=\u00bb900&#8243; uncode_shortcode_id=\u00bb850667&#8243;]V-Card[\/vc_custom_heading][vc_column_text uncode_shortcode_id=\u00bb120075&#8243; css=\u00bb.vc_custom_1732201443193{margin-top: 0px !important;}\u00bb]<a href=\"https:\/\/www.bertrand-galindo.cl\/vcards\/arturo-faulbaum.vcf\"><img decoding=\"async\" class=\"alignnone wp-image-130701\" src=\"https:\/\/bertrand-galindo.cl\/wp-content\/uploads\/2023\/08\/vcard-icon.png\" alt=\"\" width=\"75\" height=\"48\" srcset=\"https:\/\/www.bertrand-galindo.cl\/2023\/wp-content\/uploads\/2023\/08\/vcard-icon.png 402w, https:\/\/www.bertrand-galindo.cl\/2023\/wp-content\/uploads\/2023\/08\/vcard-icon-300x192.png 300w, https:\/\/www.bertrand-galindo.cl\/2023\/wp-content\/uploads\/2023\/08\/vcard-icon-350x224.png 350w\" sizes=\"(max-width: 75px) 100vw, 75px\" \/><\/a>[\/vc_column_text][\/vc_column_inner][vc_column_inner width=\u00bb2\/6&#8243;][\/vc_column_inner][\/vc_row_inner][vc_empty_space empty_h=\u00bb2&#8243;][vc_column_text uncode_shortcode_id=\u00bb636068&#8243;]El Sr. Faulbaum centra su pr\u00e1ctica profesional en Miner\u00eda, Recursos Naturales, Ambiental y Regulatorio, Derecho Corporativo y Comercial, Fusiones y Adquisiciones, Proyectos e Infraestructura.<\/p>\n<p>En Bertrand-Galindo Barrueto Barroilhet, ha asesorado a una amplia gama de clientes locales y extranjeros de diversos sectores econ\u00f3micos, principalmente mineros, en el desarrollo de sus proyectos en Chile. Ha participado en la evaluaci\u00f3n y elaboraci\u00f3n de informes de Due Diligence relativos a proyectos mineros, as\u00ed como en la preparaci\u00f3n de operaciones de adquisici\u00f3n de dichos proyectos o de derechos sobre los mismos. Asimismo, posee amplios conocimientos en materia regulatoria de la industria minera.<\/p>\n<p>Adicionalmente, el Sr. Faulbaum tiene experiencia en asuntos corporativos, asesorando en complejas transacciones contractuales y de fusiones y adquisiciones, incluyendo joint ventures y operaciones transfronterizas.[\/vc_column_text][vc_column_text uncode_shortcode_id=\u00bb581280&#8243;]<strong>Educaci\u00f3n<\/strong><br \/>\n* Licenciado en Derecho, Pontificia Universidad Cat\u00f3lica de Chile, 2019.<br \/>\n* Diplomado en Derecho de Recursos Naturales, Menci\u00f3n en Derecho de Miner\u00eda, 2022.[\/vc_column_text][\/vc_column][\/vc_row][vc_row row_height_percent=\u00bb0&#8243; override_padding=\u00bbyes\u00bb h_padding=\u00bb2&#8243; top_padding=\u00bb4&#8243; bottom_padding=\u00bb4&#8243; overlay_alpha=\u00bb50&#8243; gutter_size=\u00bb3&#8243; column_width_percent=\u00bb100&#8243; shift_y=\u00bb0&#8243; z_index=\u00bb0&#8243; bottom_divider=\u00bbstep_3_4&#8243; mobile_visibility=\u00bbyes\u00bb uncode_shortcode_id=\u00bb365561&#8243; el_id=\u00bbareas-practica\u00bb][vc_column column_width_percent=\u00bb100&#8243; align_horizontal=\u00bbalign_center\u00bb gutter_size=\u00bb4&#8243; overlay_alpha=\u00bb50&#8243; shift_x=\u00bb0&#8243; shift_y=\u00bb0&#8243; shift_y_down=\u00bb0&#8243; z_index=\u00bb0&#8243; medium_width=\u00bb0&#8243; mobile_width=\u00bb0&#8243; css_animation=\u00bbalpha-anim\u00bb animation_speed=\u00bb1000&#8243; width=\u00bb1\/1&#8243; uncode_shortcode_id=\u00bb142485&#8243;][vc_row_inner limit_content=\u00bb\u00bb][vc_column_inner width=\u00bb1\/1&#8243;][vc_custom_heading heading_semantic=\u00bbh6&#8243; text_font=\u00bbfont-594008&#8243; text_size=\u00bbfontsize-157437&#8243; text_weight=\u00bb400&#8243; text_transform=\u00bbuppercase\u00bb text_space=\u00bbfontspace-210350&#8243; uncode_shortcode_id=\u00bb210242&#8243; text_color_type=\u00bbuncode-solid\u00bb text_color_solid=\u00bb#878787&#8243;]\u00c1REAS DE PR\u00c1CTICA[\/vc_custom_heading][\/vc_column_inner][\/vc_row_inner][vc_row_inner row_inner_height_percent=\u00bb0&#8243; overlay_alpha=\u00bb50&#8243; equal_height=\u00bbyes\u00bb gutter_size=\u00bb4&#8243; shift_y=\u00bb0&#8243; z_index=\u00bb0&#8243; limit_content=\u00bb\u00bb uncode_shortcode_id=\u00bb174588&#8243;][vc_column_inner column_width_percent=\u00bb100&#8243; align_horizontal=\u00bbalign_center\u00bb gutter_size=\u00bb3&#8243; overlay_alpha=\u00bb50&#8243; shift_x=\u00bb0&#8243; shift_y=\u00bb0&#8243; shift_y_down=\u00bb0&#8243; z_index=\u00bb0&#8243; medium_width=\u00bb4&#8243; mobile_width=\u00bb0&#8243; width=\u00bb1\/4&#8243; uncode_shortcode_id=\u00bb268925&#8243;][vc_custom_heading text_size=\u00bbfontsize-157437&#8243; text_weight=\u00bb400&#8243; text_height=\u00bbfontheight-357766&#8243; uncode_shortcode_id=\u00bb770139&#8243;]Corporativo, Derecho Comercial y M&amp;A[\/vc_custom_heading][\/vc_column_inner][vc_column_inner column_width_percent=\u00bb100&#8243; align_horizontal=\u00bbalign_center\u00bb gutter_size=\u00bb3&#8243; overlay_alpha=\u00bb50&#8243; shift_x=\u00bb0&#8243; shift_y=\u00bb0&#8243; shift_y_down=\u00bb0&#8243; z_index=\u00bb0&#8243; medium_width=\u00bb2&#8243; mobile_width=\u00bb0&#8243; width=\u00bb1\/4&#8243; uncode_shortcode_id=\u00bb112484&#8243;][vc_custom_heading text_size=\u00bbfontsize-157437&#8243; text_weight=\u00bb400&#8243; text_height=\u00bbfontheight-357766&#8243; uncode_shortcode_id=\u00bb389894&#8243;]Derecho de la Energ\u00eda y Recursos Naturales[\/vc_custom_heading][\/vc_column_inner][vc_column_inner column_width_percent=\u00bb100&#8243; align_horizontal=\u00bbalign_center\u00bb gutter_size=\u00bb3&#8243; overlay_alpha=\u00bb50&#8243; shift_x=\u00bb0&#8243; shift_y=\u00bb0&#8243; shift_y_down=\u00bb0&#8243; z_index=\u00bb0&#8243; medium_width=\u00bb2&#8243; mobile_width=\u00bb0&#8243; width=\u00bb1\/4&#8243; uncode_shortcode_id=\u00bb103011&#8243;][vc_custom_heading text_size=\u00bbfontsize-157437&#8243; text_weight=\u00bb400&#8243; text_height=\u00bbfontheight-357766&#8243; uncode_shortcode_id=\u00bb212190&#8243;]Derecho Minero[\/vc_custom_heading][\/vc_column_inner][vc_column_inner column_width_percent=\u00bb100&#8243; align_horizontal=\u00bbalign_center\u00bb gutter_size=\u00bb3&#8243; overlay_alpha=\u00bb50&#8243; shift_x=\u00bb0&#8243; shift_y=\u00bb0&#8243; shift_y_down=\u00bb0&#8243; z_index=\u00bb0&#8243; medium_width=\u00bb0&#8243; mobile_width=\u00bb0&#8243; width=\u00bb1\/4&#8243; uncode_shortcode_id=\u00bb955737&#8243;][vc_custom_heading text_size=\u00bbfontsize-157437&#8243; text_weight=\u00bb400&#8243; text_height=\u00bbfontheight-357766&#8243; uncode_shortcode_id=\u00bb143010&#8243;]Derecho Medioambiental[\/vc_custom_heading][\/vc_column_inner][\/vc_row_inner][vc_row_inner row_inner_height_percent=\u00bb0&#8243; overlay_alpha=\u00bb50&#8243; equal_height=\u00bbyes\u00bb gutter_size=\u00bb4&#8243; shift_y=\u00bb0&#8243; z_index=\u00bb0&#8243; limit_content=\u00bb\u00bb uncode_shortcode_id=\u00bb174588&#8243;][vc_column_inner column_width_percent=\u00bb100&#8243; align_horizontal=\u00bbalign_center\u00bb gutter_size=\u00bb3&#8243; overlay_alpha=\u00bb50&#8243; shift_x=\u00bb0&#8243; shift_y=\u00bb0&#8243; shift_y_down=\u00bb0&#8243; z_index=\u00bb0&#8243; medium_width=\u00bb4&#8243; mobile_width=\u00bb0&#8243; width=\u00bb1\/4&#8243; uncode_shortcode_id=\u00bb136131&#8243; el_class=\u00bbgris\u00bb][vc_icon icon=\u00bbfa fa-plus2&#8243; background_style=\u00bbfa-rounded\u00bb outline=\u00bbyes\u00bb uncode_shortcode_id=\u00bb517203&#8243; link=\u00bburl:https%3A%2F%2Fbertrand-galindo.cl%2F2023%2Fderecho-corporativo-derecho-comercial-y-ma%2F|title:Derecho%20Corporativo%2C%20%20Derecho%20Comercial%20y%20M%26A\u00bb][\/vc_icon][\/vc_column_inner][vc_column_inner column_width_percent=\u00bb100&#8243; align_horizontal=\u00bbalign_center\u00bb gutter_size=\u00bb3&#8243; overlay_alpha=\u00bb50&#8243; shift_x=\u00bb0&#8243; shift_y=\u00bb0&#8243; shift_y_down=\u00bb0&#8243; z_index=\u00bb0&#8243; medium_width=\u00bb2&#8243; mobile_width=\u00bb0&#8243; width=\u00bb1\/4&#8243; uncode_shortcode_id=\u00bb142214&#8243; el_class=\u00bbnegro\u00bb][vc_icon icon=\u00bbfa fa-plus2&#8243; background_style=\u00bbfa-rounded\u00bb outline=\u00bbyes\u00bb uncode_shortcode_id=\u00bb266188&#8243; link=\u00bburl:https%3A%2F%2Fwww.bertrand-galindo.cl%2Fderecho-de-la-energia-y-recursos-naturales%2F|title:Derecho%20Laboral%20y%20Migratorio\u00bb][\/vc_icon][\/vc_column_inner][vc_column_inner column_width_percent=\u00bb100&#8243; align_horizontal=\u00bbalign_center\u00bb gutter_size=\u00bb3&#8243; overlay_alpha=\u00bb50&#8243; shift_x=\u00bb0&#8243; shift_y=\u00bb0&#8243; shift_y_down=\u00bb0&#8243; z_index=\u00bb0&#8243; medium_width=\u00bb2&#8243; mobile_width=\u00bb0&#8243; width=\u00bb1\/4&#8243; uncode_shortcode_id=\u00bb568660&#8243; el_class=\u00bbgris\u00bb][vc_icon icon=\u00bbfa fa-plus2&#8243; background_style=\u00bbfa-rounded\u00bb outline=\u00bbyes\u00bb uncode_shortcode_id=\u00bb843777&#8243; link=\u00bburl:https%3A%2F%2Fwww.bertrand-galindo.cl%2Fderecho-minero%2F|title:Derecho%20en%20Ingenier%C3%ADa%20y%20la%20Construcci%C3%B3n\u00bb][\/vc_icon][\/vc_column_inner][vc_column_inner column_width_percent=\u00bb100&#8243; align_horizontal=\u00bbalign_center\u00bb gutter_size=\u00bb3&#8243; overlay_alpha=\u00bb50&#8243; shift_x=\u00bb0&#8243; shift_y=\u00bb0&#8243; shift_y_down=\u00bb0&#8243; z_index=\u00bb0&#8243; medium_width=\u00bb0&#8243; mobile_width=\u00bb0&#8243; width=\u00bb1\/4&#8243; uncode_shortcode_id=\u00bb131539&#8243; el_class=\u00bbrosado\u00bb][vc_icon icon=\u00bbfa fa-plus2&#8243; background_style=\u00bbfa-rounded\u00bb outline=\u00bbyes\u00bb uncode_shortcode_id=\u00bb224374&#8243; link=\u00bburl:https%3A%2F%2Fwww.bertrand-galindo.cl%2Fderecho-medioambiental%2F|title:Comercio%20internacional%2C%20Inversi%C3%B3n%20Extranjera%20y%20Derecho%20Internacional\u00bb][\/vc_icon][\/vc_column_inner][\/vc_row_inner][\/vc_column][\/vc_row][vc_row row_height_percent=\u00bb0&#8243; override_padding=\u00bbyes\u00bb h_padding=\u00bb2&#8243; top_padding=\u00bb4&#8243; bottom_padding=\u00bb4&#8243; overlay_alpha=\u00bb50&#8243; gutter_size=\u00bb3&#8243; column_width_percent=\u00bb100&#8243; shift_y=\u00bb0&#8243; z_index=\u00bb0&#8243; bottom_divider=\u00bbstep_3_4&#8243; desktop_visibility=\u00bbyes\u00bb medium_visibility=\u00bbyes\u00bb uncode_shortcode_id=\u00bb353497&#8243; el_id=\u00bbareas-practica\u00bb][vc_column column_width_percent=\u00bb100&#8243; align_horizontal=\u00bbalign_center\u00bb gutter_size=\u00bb4&#8243; overlay_alpha=\u00bb50&#8243; shift_x=\u00bb0&#8243; shift_y=\u00bb0&#8243; shift_y_down=\u00bb0&#8243; z_index=\u00bb0&#8243; medium_width=\u00bb0&#8243; mobile_width=\u00bb0&#8243; css_animation=\u00bbalpha-anim\u00bb animation_speed=\u00bb1000&#8243; width=\u00bb1\/1&#8243; uncode_shortcode_id=\u00bb142485&#8243;][vc_row_inner limit_content=\u00bb\u00bb][vc_column_inner width=\u00bb1\/1&#8243;][vc_custom_heading heading_semantic=\u00bbh6&#8243; text_font=\u00bbfont-594008&#8243; text_size=\u00bbfontsize-157437&#8243; text_weight=\u00bb400&#8243; text_transform=\u00bbuppercase\u00bb text_space=\u00bbfontspace-210350&#8243; uncode_shortcode_id=\u00bb210242&#8243; text_color_type=\u00bbuncode-solid\u00bb text_color_solid=\u00bb#878787&#8243;]\u00c1REAS DE PR\u00c1CTICA[\/vc_custom_heading][\/vc_column_inner][\/vc_row_inner][vc_row_inner row_inner_height_percent=\u00bb0&#8243; overlay_alpha=\u00bb50&#8243; equal_height=\u00bbyes\u00bb gutter_size=\u00bb5&#8243; shift_y=\u00bb0&#8243; z_index=\u00bb0&#8243; limit_content=\u00bb\u00bb uncode_shortcode_id=\u00bb211906&#8243;][vc_column_inner column_width_percent=\u00bb100&#8243; align_horizontal=\u00bbalign_center\u00bb gutter_size=\u00bb3&#8243; overlay_alpha=\u00bb50&#8243; shift_x=\u00bb0&#8243; shift_y=\u00bb0&#8243; shift_y_down=\u00bb0&#8243; z_index=\u00bb0&#8243; medium_width=\u00bb4&#8243; mobile_width=\u00bb0&#8243; width=\u00bb1\/4&#8243; uncode_shortcode_id=\u00bb268925&#8243;][vc_custom_heading text_size=\u00bbfontsize-157437&#8243; text_weight=\u00bb400&#8243; text_height=\u00bbfontheight-357766&#8243; uncode_shortcode_id=\u00bb770139&#8243;]Corporativo, Derecho Comercial y M&amp;A[\/vc_custom_heading][vc_icon icon=\u00bbfa fa-plus2&#8243; background_style=\u00bbfa-rounded\u00bb outline=\u00bbyes\u00bb uncode_shortcode_id=\u00bb517203&#8243; link=\u00bburl:https%3A%2F%2Fbertrand-galindo.cl%2F2023%2Fderecho-corporativo-derecho-comercial-y-ma%2F|title:Derecho%20Corporativo%2C%20%20Derecho%20Comercial%20y%20M%26A\u00bb][\/vc_icon][\/vc_column_inner][vc_column_inner column_width_percent=\u00bb100&#8243; align_horizontal=\u00bbalign_center\u00bb gutter_size=\u00bb3&#8243; overlay_alpha=\u00bb50&#8243; shift_x=\u00bb0&#8243; shift_y=\u00bb0&#8243; shift_y_down=\u00bb0&#8243; z_index=\u00bb0&#8243; medium_width=\u00bb2&#8243; mobile_width=\u00bb0&#8243; width=\u00bb1\/4&#8243; uncode_shortcode_id=\u00bb112484&#8243;][vc_custom_heading text_size=\u00bbfontsize-157437&#8243; text_weight=\u00bb400&#8243; text_height=\u00bbfontheight-357766&#8243; uncode_shortcode_id=\u00bb389894&#8243;]Derecho de la Energ\u00eda y Recursos Naturales[\/vc_custom_heading][vc_icon icon=\u00bbfa fa-plus2&#8243; background_style=\u00bbfa-rounded\u00bb outline=\u00bbyes\u00bb uncode_shortcode_id=\u00bb266188&#8243; link=\u00bburl:https%3A%2F%2Fwww.bertrand-galindo.cl%2Fderecho-de-la-energia-y-recursos-naturales%2F|title:Derecho%20Laboral%20y%20Migratorio\u00bb][\/vc_icon][\/vc_column_inner][vc_column_inner column_width_percent=\u00bb100&#8243; align_horizontal=\u00bbalign_center\u00bb gutter_size=\u00bb3&#8243; overlay_alpha=\u00bb50&#8243; shift_x=\u00bb0&#8243; shift_y=\u00bb0&#8243; shift_y_down=\u00bb0&#8243; z_index=\u00bb0&#8243; medium_width=\u00bb2&#8243; mobile_width=\u00bb0&#8243; width=\u00bb1\/4&#8243; uncode_shortcode_id=\u00bb103011&#8243;][vc_custom_heading text_size=\u00bbfontsize-157437&#8243; text_weight=\u00bb400&#8243; text_height=\u00bbfontheight-357766&#8243; uncode_shortcode_id=\u00bb212190&#8243;]Derecho Minero[\/vc_custom_heading][vc_icon icon=\u00bbfa fa-plus2&#8243; background_style=\u00bbfa-rounded\u00bb outline=\u00bbyes\u00bb uncode_shortcode_id=\u00bb843777&#8243; link=\u00bburl:https%3A%2F%2Fwww.bertrand-galindo.cl%2Fderecho-minero%2F|title:Derecho%20en%20Ingenier%C3%ADa%20y%20la%20Construcci%C3%B3n\u00bb][\/vc_icon][\/vc_column_inner][vc_column_inner column_width_percent=\u00bb100&#8243; align_horizontal=\u00bbalign_center\u00bb gutter_size=\u00bb3&#8243; overlay_alpha=\u00bb50&#8243; shift_x=\u00bb0&#8243; shift_y=\u00bb0&#8243; shift_y_down=\u00bb0&#8243; z_index=\u00bb0&#8243; medium_width=\u00bb0&#8243; mobile_width=\u00bb0&#8243; width=\u00bb1\/4&#8243; uncode_shortcode_id=\u00bb955737&#8243;][vc_custom_heading text_size=\u00bbfontsize-157437&#8243; text_weight=\u00bb400&#8243; text_height=\u00bbfontheight-357766&#8243; uncode_shortcode_id=\u00bb143010&#8243;]Derecho Medioambiental[\/vc_custom_heading][vc_icon icon=\u00bbfa fa-plus2&#8243; background_style=\u00bbfa-rounded\u00bb outline=\u00bbyes\u00bb uncode_shortcode_id=\u00bb224374&#8243; link=\u00bburl:https%3A%2F%2Fwww.bertrand-galindo.cl%2Fderecho-medioambiental%2F|title:Comercio%20internacional%2C%20Inversi%C3%B3n%20Extranjera%20y%20Derecho%20Internacional\u00bb][\/vc_icon][\/vc_column_inner][\/vc_row_inner][\/vc_column][\/vc_row]<\/p>\n<\/div>","protected":false},"excerpt":{"rendered":"<p>[vc_row row_height_percent=\u00bb65&#8243; back_color=\u00bbcolor-prif\u00bb back_image=\u00bb130832&#8243; overlay_alpha=\u00bb0&#8243; gutter_size=\u00bb3&#8243; column_width_percent=\u00bb100&#8243; shift_y=\u00bb0&#8243; z_index=\u00bb0&#8243; top_divider=\u00bbgradient\u00bb bottom_divider=\u00bbstep_3_4&#8243; uncode_shortcode_id=\u00bb125518&#8243; back_color_type=\u00bbuncode-palette\u00bb][vc_column column_width_percent=\u00bb100&#8243; position_vertical=\u00bbbottom\u00bb align_horizontal=\u00bbalign_center\u00bb gutter_size=\u00bb3&#8243; style=\u00bbdark\u00bb overlay_alpha=\u00bb50&#8243; shift_x=\u00bb0&#8243; [&hellip;]<\/p>\n","protected":false},"author":1,"featured_media":131416,"parent":0,"menu_order":0,"comment_status":"closed","ping_status":"closed","template":"","meta":{"footnotes":""},"class_list":["post-131415","page","type-page","status-publish","has-post-thumbnail","hentry","page_category-derecho-corporativo-derecho-comercial-y-ma","page_category-derecho-de-la-energia-y-recursos-naturales","page_category-derecho-minero","page_category-derecho-de-la-ingenieria-y-la-construccion"],"_links":{"self":[{"href":"https:\/\/www.bertrand-galindo.cl\/2023\/wp-json\/wp\/v2\/pages\/131415","targetHints":{"allow":["GET"]}}],"collection":[{"href":"https:\/\/www.bertrand-galindo.cl\/2023\/wp-json\/wp\/v2\/pages"}],"about":[{"href":"https:\/\/www.bertrand-galindo.cl\/2023\/wp-json\/wp\/v2\/types\/page"}],"author":[{"embeddable":true,"href":"https:\/\/www.bertrand-galindo.cl\/2023\/wp-json\/wp\/v2\/users\/1"}],"replies":[{"embeddable":true,"href":"https:\/\/www.bertrand-galindo.cl\/2023\/wp-json\/wp\/v2\/comments?post=131415"}],"version-history":[{"count":6,"href":"https:\/\/www.bertrand-galindo.cl\/2023\/wp-json\/wp\/v2\/pages\/131415\/revisions"}],"predecessor-version":[{"id":132092,"href":"https:\/\/www.bertrand-galindo.cl\/2023\/wp-json\/wp\/v2\/pages\/131415\/revisions\/132092"}],"wp:featuredmedia":[{"embeddable":true,"href":"https:\/\/www.bertrand-galindo.cl\/2023\/wp-json\/wp\/v2\/media\/131416"}],"wp:attachment":[{"href":"https:\/\/www.bertrand-galindo.cl\/2023\/wp-json\/wp\/v2\/media?parent=131415"}],"curies":[{"name":"wp","href":"https:\/\/api.w.org\/{rel}","templated":true}]}}